{"id":22933,"date":"2021-04-20T16:01:13","date_gmt":"2021-04-20T14:01:13","guid":{"rendered":"https:\/\/www.tecsens.com\/arbeiten-sie-mit-uns\/"},"modified":"2023-09-19T11:16:53","modified_gmt":"2023-09-19T09:16:53","slug":"arbeiten-sie-mit-uns-2","status":"publish","type":"page","link":"https:\/\/www.tecsens.com\/de\/arbeiten-sie-mit-uns-2\/","title":{"rendered":"Arbeiten Sie mit uns"},"content":{"rendered":"<p>[et_pb_section fb_built=&#8220;1&#8243; fullwidth=&#8220;on&#8220; admin_label=&#8220;01 Curva superior&#8220; _builder_version=&#8220;4.16&#8243; _module_preset=&#8220;default&#8220; background_color=&#8220;rgba(0,0,0,0)&#8220; background_image=&#8220;https:\/\/www.tecsens.com\/wp-content\/uploads\/2021\/02\/ondaazuloscura.png&#8220; background_size=&#8220;contain&#8220; background_position=&#8220;top_center&#8220; background_repeat=&#8220;repeat-x&#8220; min_height=&#8220;176px&#8220; custom_margin=&#8220;||||false|false&#8220; custom_css_main_element=&#8220;z-index:10;&#8220; global_colors_info=&#8220;{}&#8220;][\/et_pb_section][et_pb_section fb_built=&#8220;1&#8243; fullwidth=&#8220;on&#8220; admin_label=&#8220;01 slider&#8220; _builder_version=&#8220;4.16&#8243; _module_preset=&#8220;default&#8220; custom_margin=&#8220;-170px||||false|false&#8220; global_colors_info=&#8220;{}&#8220;][et_pb_fullwidth_slider _builder_version=&#8220;4.16&#8243; _module_preset=&#8220;default&#8220; height=&#8220;550px&#8220; height_tablet=&#8220;500px&#8220; height_phone=&#8220;400px&#8220; height_last_edited=&#8220;on|tablet&#8220; animation_direction=&#8220;right&#8220; auto=&#8220;on&#8220; auto_speed=&#8220;3000&#8243; auto_ignore_hover=&#8220;on&#8220; global_colors_info=&#8220;{}&#8220;][et_pb_slide heading=&#8220;WIR M\u00d6CHTEN SIE KENNENLERNEN&#8220; _builder_version=&#8220;4.16&#8243; _module_preset=&#8220;default&#8220; header_level=&#8220;h1&#8243; header_font=&#8220;Raleway|700|||||||&#8220; header_text_color=&#8220;#0075b2&#8243; header_font_size=&#8220;36px&#8220; body_font=&#8220;|600|||||||&#8220; body_text_color=&#8220;#5f5e5d&#8220; body_font_size=&#8220;28px&#8220; background_color=&#8220;#FFFFFF&#8220; background_enable_color=&#8220;on&#8220; background_enable_image=&#8220;off&#8220; global_colors_info=&#8220;{}&#8220; sticky_transition=&#8220;on&#8220;]<\/p>\n<p style=\"text-align: center;\">Wir sind auf der Suche nach Talenten<\/p>\n<hr style=\"color: #fff; max-width: 900px; margin-bottom: 30px;\">\n<p><img loading=\"lazy\" decoding=\"async\" src=\"https:\/\/www.tecsens.com\/wp-content\/uploads\/2021\/02\/logo-tecsens.jpg\" alt=\"tecsens-Logo\" class=\"wp-image-18991 alignnone size-full\" width=\"100\" height=\"100\" srcset=\"https:\/\/www.tecsens.com\/wp-content\/uploads\/2021\/02\/logo-tecsens.jpg 100w, https:\/\/www.tecsens.com\/wp-content\/uploads\/2021\/02\/logo-tecsens-24x24.jpg 24w, https:\/\/www.tecsens.com\/wp-content\/uploads\/2021\/02\/logo-tecsens-36x36.jpg 36w, https:\/\/www.tecsens.com\/wp-content\/uploads\/2021\/02\/logo-tecsens-48x48.jpg 48w\" sizes=\"(max-width: 100px) 100vw, 100px\" \/><\/p>\n<p>[\/et_pb_slide][\/et_pb_fullwidth_slider][\/et_pb_section][et_pb_section fb_built=&#8220;1&#8243; admin_label=&#8220;06&#8243; _builder_version=&#8220;4.16&#8243; _module_preset=&#8220;default&#8220; custom_padding=&#8220;30px||1px|||&#8220; global_colors_info=&#8220;{}&#8220;][et_pb_row _builder_version=&#8220;4.16&#8243; _module_preset=&#8220;default&#8220; max_width=&#8220;1000px&#8220; hover_enabled=&#8220;0&#8243; global_colors_info=&#8220;{}&#8220; sticky_enabled=&#8220;0&#8243;][et_pb_column type=&#8220;4_4&#8243; _builder_version=&#8220;4.16&#8243; _module_preset=&#8220;default&#8220; global_colors_info=&#8220;{}&#8220;][et_pb_text _builder_version=&#8220;4.16&#8243; _module_preset=&#8220;default&#8220; text_font=&#8220;Maven Pro||||||||&#8220; text_text_color=&#8220;#5f5e5d&#8220; text_font_size=&#8220;19px&#8220; text_line_height=&#8220;1.2em&#8220; header_2_font=&#8220;Raleway|700|||||||&#8220; header_2_text_color=&#8220;#0076B2&#8243; header_2_font_size=&#8220;36px&#8220; header_2_letter_spacing=&#8220;2px&#8220; text_orientation=&#8220;center&#8220; custom_margin=&#8220;5px||||false|false&#8220; global_colors_info=&#8220;{}&#8220;]<\/p>\n<p style=\"text-align: justify;\">Wir sind auf der Suche nach Fachleuten, die Teil unseres <strong>Engagements als IT-Unternehmen sind, das die Entwicklung und digitale Transformation unserer Kunden garantiert.<\/strong><\/p>\n<p style=\"text-align: justify;\">Wir m\u00f6chten, dass Sie ein Botschafter unserer Werte sind, der sich uns anschlie\u00dfen und sich mit uns weiterentwickeln m\u00f6chte.<\/p>\n<p>[\/et_pb_text][\/et_pb_column][\/et_pb_row][et_pb_row _builder_version=&#8220;4.16&#8243; _module_preset=&#8220;default&#8220; max_width=&#8220;1100px&#8220; custom_margin=&#8220;||0px||false|false&#8220; custom_padding=&#8220;18px||0px||false|false&#8220; global_colors_info=&#8220;{}&#8220;][et_pb_column type=&#8220;4_4&#8243; _builder_version=&#8220;4.16&#8243; _module_preset=&#8220;default&#8220; global_colors_info=&#8220;{}&#8220;][et_pb_divider show_divider=&#8220;off&#8220; _builder_version=&#8220;4.16&#8243; _module_preset=&#8220;default&#8220; global_colors_info=&#8220;{}&#8220;][\/et_pb_divider][\/et_pb_column][\/et_pb_row][\/et_pb_section][et_pb_section fb_built=&#8220;1&#8243; admin_label=&#8220;12 ondablanca\/gris&#8220; _builder_version=&#8220;4.16&#8243; _module_preset=&#8220;default&#8220; background_enable_color=&#8220;off&#8220; background_image=&#8220;https:\/\/www.tecsens.com\/wp-content\/uploads\/2021\/02\/ondagris2.jpg&#8220; background_size=&#8220;contain&#8220; background_position=&#8220;bottom_center&#8220; background_repeat=&#8220;repeat-x&#8220; height=&#8220;96px&#8220; custom_padding=&#8220;2px||100px|||&#8220; global_colors_info=&#8220;{}&#8220;][\/et_pb_section][et_pb_section fb_built=&#8220;1&#8243; admin_label=&#8220;08 trabaja con nosotros&#8220; _builder_version=&#8220;4.16&#8243; _module_preset=&#8220;default&#8220; background_color=&#8220;#eeeeee&#8220; custom_padding=&#8220;||63px|||&#8220; global_colors_info=&#8220;{}&#8220;][et_pb_row _builder_version=&#8220;4.16&#8243; _module_preset=&#8220;default&#8220; background_color=&#8220;#FFFFFF&#8220; width=&#8220;95%&#8220; max_width=&#8220;1000px&#8220; custom_padding=&#8220;30px|30px|30px|30px|false|false&#8220; border_radii=&#8220;on|18px|18px|18px|18px&#8220; global_colors_info=&#8220;{}&#8220;][et_pb_column type=&#8220;4_4&#8243; _builder_version=&#8220;4.16&#8243; _module_preset=&#8220;default&#8220; global_colors_info=&#8220;{}&#8220;][et_pb_text _builder_version=&#8220;4.16&#8243; _module_preset=&#8220;default&#8220; text_font=&#8220;Maven Pro||||||||&#8220; text_text_color=&#8220;#5f5e5d&#8220; text_font_size=&#8220;16px&#8220; text_line_height=&#8220;1.2em&#8220; header_2_font=&#8220;Raleway|600|||||||&#8220; header_2_text_color=&#8220;#5f5e5d&#8220; header_2_font_size=&#8220;36px&#8220; header_2_letter_spacing=&#8220;2px&#8220; text_orientation=&#8220;center&#8220; custom_margin=&#8220;5px||0px||false|false&#8220; custom_padding=&#8220;||7px|||&#8220; global_colors_info=&#8220;{}&#8220;]<\/p>\n<h2 style=\"text-align: left;\">Arbeiten Sie mit uns<\/h2>\n<p>[\/et_pb_text][et_pb_text _builder_version=&#8220;4.16&#8243; _module_preset=&#8220;default&#8220; custom_padding=&#8220;|20px||20px|false|false&#8220; custom_padding_tablet=&#8220;&#8220; custom_padding_phone=&#8220;|0px||0px|false|false&#8220; custom_padding_last_edited=&#8220;on|phone&#8220; global_colors_info=&#8220;{}&#8220;]\n<div class=\"wpcf7 no-js\" id=\"wpcf7-f18086-o1\" lang=\"es-ES\" dir=\"ltr\" data-wpcf7-id=\"18086\">\n<div class=\"screen-reader-response\"><p role=\"status\" aria-live=\"polite\" aria-atomic=\"true\"><\/p> <ul><\/ul><\/div>\n<form action=\"\/de\/wp-json\/wp\/v2\/pages\/22933#wpcf7-f18086-o1\" method=\"post\" class=\"wpcf7-form init wpcf7-acceptance-as-validation\" aria-label=\"Formulario de contacto\" novalidate=\"novalidate\" data-status=\"init\">\n<fieldset class=\"hidden-fields-container\"><input type=\"hidden\" name=\"_wpcf7\" value=\"18086\" \/><input type=\"hidden\" name=\"_wpcf7_version\" value=\"6.1.4\" \/><input type=\"hidden\" name=\"_wpcf7_locale\" value=\"es_ES\" \/><input type=\"hidden\" name=\"_wpcf7_unit_tag\" value=\"wpcf7-f18086-o1\" \/><input type=\"hidden\" name=\"_wpcf7_container_post\" value=\"0\" \/><input type=\"hidden\" name=\"_wpcf7_posted_data_hash\" value=\"\" \/><input type=\"hidden\" name=\"_wpcf7_recaptcha_response\" value=\"\" \/>\n<\/fieldset>\n<p><span class=\"wpcf7-form-control-wrap\" data-name=\"departamento\"><select class=\"wpcf7-form-control wpcf7-select wpcf7-validates-as-required campo\" aria-required=\"true\" aria-invalid=\"false\" name=\"departamento\"><option value=\"\">Selecciona departamento*<\/option><option value=\"Comercial\">Comercial<\/option><option value=\"Voz\">Voz<\/option><option value=\"Infraestructura\">Infraestructura<\/option><option value=\"Comunicaci\u00f3n y Marketing\">Comunicaci\u00f3n y Marketing<\/option><\/select><\/span><br \/>\n<span class=\"wpcf7-form-control-wrap\" data-name=\"nombre\"><input size=\"40\" maxlength=\"400\" class=\"wpcf7-form-control wpcf7-text wpcf7-validates-as-required campo\" aria-required=\"true\" aria-invalid=\"false\" placeholder=\"Nombre*\" value=\"\" type=\"text\" name=\"nombre\" \/><\/span><br \/>\n<span class=\"wpcf7-form-control-wrap\" data-name=\"email\"><input size=\"40\" maxlength=\"400\" class=\"wpcf7-form-control wpcf7-email wpcf7-validates-as-required wpcf7-text wpcf7-validates-as-email campo\" aria-required=\"true\" aria-invalid=\"false\" placeholder=\"E-mail*\" value=\"\" type=\"email\" name=\"email\" \/><\/span><br \/>\n<span class=\"wpcf7-form-control-wrap\" data-name=\"telefono\"><input size=\"40\" maxlength=\"400\" class=\"wpcf7-form-control wpcf7-tel wpcf7-validates-as-required wpcf7-text wpcf7-validates-as-tel campo\" aria-required=\"true\" aria-invalid=\"false\" placeholder=\"Tel\u00e9fono*\" value=\"\" type=\"tel\" name=\"telefono\" \/><\/span><br \/>\n<span class=\"wpcf7-form-control-wrap\" data-name=\"asunto\"><input size=\"40\" maxlength=\"400\" class=\"wpcf7-form-control wpcf7-text wpcf7-validates-as-required campo\" aria-required=\"true\" aria-invalid=\"false\" placeholder=\"Asunto*\" value=\"\" type=\"text\" name=\"asunto\" \/><\/span><br \/>\n<span class=\"wpcf7-form-control-wrap\" data-name=\"mensaje\"><textarea cols=\"40\" rows=\"6\" maxlength=\"2000\" class=\"wpcf7-form-control wpcf7-textarea wpcf7-validates-as-required campo\" aria-required=\"true\" aria-invalid=\"false\" placeholder=\"Mensaje*\" name=\"mensaje\"><\/textarea><\/span>\n<\/p>\n<p><strong>*Env\u00edanos tu CV a trabajaconnosotros@tecsens.com<\/strong>\n<\/p>\n<p><span class=\"wpcf7-form-control-wrap\" data-name=\"aceptacion\"><span class=\"wpcf7-form-control wpcf7-acceptance\"><span class=\"wpcf7-list-item\"><input type=\"checkbox\" name=\"aceptacion\" value=\"1\" aria-invalid=\"false\" \/><\/span><\/span><\/span> &nbsp;He le\u00eddo y estoy de acuerdo con el <a href=\"\/proteccion-de-datos\/\" target=\"_blank\">aviso de privacidad.<\/a>\n<\/p>\n<p><span class=\"wpcf7-form-control-wrap\" data-name=\"acepta-recibir-info\"><span class=\"wpcf7-form-control wpcf7-acceptance optional\"><span class=\"wpcf7-list-item\"><label><input type=\"checkbox\" name=\"acepta-recibir-info\" value=\"1\" aria-invalid=\"false\" \/><span class=\"wpcf7-list-item-label\">&nbsp;Deseo recibir informaci\u00f3n comercial por correo electr\u00f3nico de productos y servicios de TECSENS.<\/span><\/label><\/span><\/span><\/span>\n<\/p>\n<span class=\"wpcf7-form-control-wrap recaptcha\" data-name=\"recaptcha\"><span data-sitekey=\"6LfURk4gAAAAAEZGOFb7aVgEGBWHEQecGNbaKJCa\" data-align=\"center\" class=\"wpcf7-form-control wpcf7-recaptcha g-recaptcha\"><\/span>\r\n<noscript>\r\n\t<div class=\"grecaptcha-noscript\">\r\n\t\t<iframe loading=\"lazy\" src=\"https:\/\/www.google.com\/recaptcha\/api\/fallback?k=6LfURk4gAAAAAEZGOFb7aVgEGBWHEQecGNbaKJCa\" frameborder=\"0\" scrolling=\"no\" width=\"310\" height=\"430\">\r\n\t\t<\/iframe>\r\n\t\t<textarea name=\"g-recaptcha-response\" rows=\"3\" cols=\"40\" placeholder=\"Aqu\u00ed la respuesta de reCAPTCHA\">\r\n\t\t<\/textarea>\r\n\t<\/div>\r\n<\/noscript>\r\n<\/span>\n<p style=\"text-align:center\"><input class=\"wpcf7-form-control wpcf7-submit has-spinner boton\" type=\"submit\" value=\"ENVIAR\" \/>\n<\/p><div class=\"wpcf7-response-output\" aria-hidden=\"true\"><\/div>\n<\/form>\n<\/div>\n[\/et_pb_text][\/et_pb_column][\/et_pb_row][\/et_pb_section][et_pb_section fb_built=&#8220;1&#8243; admin_label=&#8220;36&#8243; _builder_version=&#8220;4.9.0&#8243; _module_preset=&#8220;default&#8220; custom_margin=&#8220;-2px|0px||0px|false|false&#8220; custom_padding=&#8220;30px|0px|1px|0px|false|false&#8220; global_module=&#8220;20496&#8243; saved_tabs=&#8220;all&#8220; global_colors_info=&#8220;{}&#8220;][\/et_pb_section]<\/p>\n","protected":false},"excerpt":{"rendered":"<p>Wir sind auf der Suche nach Talenten Wir sind auf der Suche nach Fachleuten, die Teil unseres Engagements als IT-Unternehmen sind, das die Entwicklung und digitale Transformation unserer Kunden garantiert. Wir m\u00f6chten, dass Sie ein Botschafter unserer Werte sind, der sich uns anschlie\u00dfen und sich mit uns weiterentwickeln m\u00f6chte.Arbeiten Sie mit uns<p class=\"wpcf7-contact-form-not-found\"><strong>Fehler:<\/strong> Kontaktformular wurde nicht gefunden.<\/p><\/p>\n","protected":false},"author":2,"featured_media":0,"parent":0,"menu_order":109,"comment_status":"closed","ping_status":"closed","template":"","meta":{"_et_pb_use_builder":"on","_et_pb_old_content":"","_et_gb_content_width":"","footnotes":""},"class_list":["post-22933","page","type-page","status-publish","hentry"],"yoast_head":"<!-- This site is optimized with the Yoast SEO plugin v26.8 - https:\/\/yoast.com\/product\/yoast-seo-wordpress\/ -->\n<title>Arbeiten Sie mit uns - Tecsens<\/title>\n<meta name=\"description\" content=\"Arbeiten Sie mit uns zusammen, mit unserem Engagement als IT-Unternehmen, das die Entwicklung und digitale Transformation unserer Kunden garantiert.\" \/>\n<meta name=\"robots\" content=\"index, follow, max-snippet:-1, max-image-preview:large, max-video-preview:-1\" \/>\n<link rel=\"canonical\" href=\"https:\/\/www.tecsens.com\/de\/arbeiten-sie-mit-uns-2\/\" \/>\n<meta property=\"og:locale\" content=\"de_DE\" \/>\n<meta property=\"og:type\" content=\"article\" \/>\n<meta property=\"og:title\" content=\"Arbeiten Sie mit uns - Tecsens\" \/>\n<meta property=\"og:description\" content=\"Arbeiten Sie mit uns zusammen, mit unserem Engagement als IT-Unternehmen, das die Entwicklung und digitale Transformation unserer Kunden garantiert.\" \/>\n<meta property=\"og:url\" content=\"https:\/\/www.tecsens.com\/de\/arbeiten-sie-mit-uns-2\/\" \/>\n<meta property=\"og:site_name\" content=\"Tecsens\" \/>\n<meta property=\"article:modified_time\" content=\"2023-09-19T09:16:53+00:00\" \/>\n<meta property=\"og:image\" content=\"https:\/\/www.tecsens.com\/wp-content\/uploads\/2021\/02\/logo-tecsens.jpg\" \/>\n<meta name=\"twitter:card\" content=\"summary_large_image\" \/>\n<meta name=\"twitter:label1\" content=\"Gesch\u00e4tzte Lesezeit\" \/>\n\t<meta name=\"twitter:data1\" content=\"3\u00a0Minuten\" \/>\n<script type=\"application\/ld+json\" class=\"yoast-schema-graph\">{\"@context\":\"https:\/\/schema.org\",\"@graph\":[{\"@type\":[\"Article\",\"BlogPosting\"],\"@id\":\"https:\/\/www.tecsens.com\/de\/arbeiten-sie-mit-uns-2\/#article\",\"isPartOf\":{\"@id\":\"https:\/\/www.tecsens.com\/de\/arbeiten-sie-mit-uns-2\/\"},\"author\":{\"name\":\"Admin\",\"@id\":\"https:\/\/www.tecsens.com\/#\/schema\/person\/1f72960a60140421bab7c0c55b923859\"},\"headline\":\"Arbeiten Sie mit uns\",\"datePublished\":\"2021-04-20T14:01:13+00:00\",\"dateModified\":\"2023-09-19T09:16:53+00:00\",\"mainEntityOfPage\":{\"@id\":\"https:\/\/www.tecsens.com\/de\/arbeiten-sie-mit-uns-2\/\"},\"wordCount\":688,\"publisher\":{\"@id\":\"https:\/\/www.tecsens.com\/#organization\"},\"image\":{\"@id\":\"https:\/\/www.tecsens.com\/de\/arbeiten-sie-mit-uns-2\/#primaryimage\"},\"thumbnailUrl\":\"https:\/\/www.tecsens.com\/wp-content\/uploads\/2021\/02\/logo-tecsens.jpg\",\"inLanguage\":\"de\"},{\"@type\":\"WebPage\",\"@id\":\"https:\/\/www.tecsens.com\/de\/arbeiten-sie-mit-uns-2\/\",\"url\":\"https:\/\/www.tecsens.com\/de\/arbeiten-sie-mit-uns-2\/\",\"name\":\"Arbeiten Sie mit uns - Tecsens\",\"isPartOf\":{\"@id\":\"https:\/\/www.tecsens.com\/#website\"},\"primaryImageOfPage\":{\"@id\":\"https:\/\/www.tecsens.com\/de\/arbeiten-sie-mit-uns-2\/#primaryimage\"},\"image\":{\"@id\":\"https:\/\/www.tecsens.com\/de\/arbeiten-sie-mit-uns-2\/#primaryimage\"},\"thumbnailUrl\":\"https:\/\/www.tecsens.com\/wp-content\/uploads\/2021\/02\/logo-tecsens.jpg\",\"datePublished\":\"2021-04-20T14:01:13+00:00\",\"dateModified\":\"2023-09-19T09:16:53+00:00\",\"description\":\"Arbeiten Sie mit uns zusammen, mit unserem Engagement als IT-Unternehmen, das die Entwicklung und digitale Transformation unserer Kunden garantiert.\",\"breadcrumb\":{\"@id\":\"https:\/\/www.tecsens.com\/de\/arbeiten-sie-mit-uns-2\/#breadcrumb\"},\"inLanguage\":\"de\",\"potentialAction\":[{\"@type\":\"ReadAction\",\"target\":[\"https:\/\/www.tecsens.com\/de\/arbeiten-sie-mit-uns-2\/\"]}]},{\"@type\":\"ImageObject\",\"inLanguage\":\"de\",\"@id\":\"https:\/\/www.tecsens.com\/de\/arbeiten-sie-mit-uns-2\/#primaryimage\",\"url\":\"https:\/\/www.tecsens.com\/wp-content\/uploads\/2021\/02\/logo-tecsens.jpg\",\"contentUrl\":\"https:\/\/www.tecsens.com\/wp-content\/uploads\/2021\/02\/logo-tecsens.jpg\"},{\"@type\":\"BreadcrumbList\",\"@id\":\"https:\/\/www.tecsens.com\/de\/arbeiten-sie-mit-uns-2\/#breadcrumb\",\"itemListElement\":[{\"@type\":\"ListItem\",\"position\":1,\"name\":\"Portada\",\"item\":\"https:\/\/www.tecsens.com\/de\/\"},{\"@type\":\"ListItem\",\"position\":2,\"name\":\"Arbeiten Sie mit uns\"}]},{\"@type\":\"WebSite\",\"@id\":\"https:\/\/www.tecsens.com\/#website\",\"url\":\"https:\/\/www.tecsens.com\/\",\"name\":\"TECSENS - Empowering companies\",\"description\":\"Sense &amp; Technology\",\"publisher\":{\"@id\":\"https:\/\/www.tecsens.com\/#organization\"},\"potentialAction\":[{\"@type\":\"SearchAction\",\"target\":{\"@type\":\"EntryPoint\",\"urlTemplate\":\"https:\/\/www.tecsens.com\/?s={search_term_string}\"},\"query-input\":{\"@type\":\"PropertyValueSpecification\",\"valueRequired\":true,\"valueName\":\"search_term_string\"}}],\"inLanguage\":\"de\"},{\"@type\":\"Organization\",\"@id\":\"https:\/\/www.tecsens.com\/#organization\",\"name\":\"TECSENS\",\"url\":\"https:\/\/www.tecsens.com\/\",\"logo\":{\"@type\":\"ImageObject\",\"inLanguage\":\"de\",\"@id\":\"https:\/\/www.tecsens.com\/#\/schema\/logo\/image\/\",\"url\":\"https:\/\/www.tecsens.com\/wp-content\/uploads\/2017\/02\/logo@2x.png\",\"contentUrl\":\"https:\/\/www.tecsens.com\/wp-content\/uploads\/2017\/02\/logo@2x.png\",\"width\":411,\"height\":85,\"caption\":\"TECSENS\"},\"image\":{\"@id\":\"https:\/\/www.tecsens.com\/#\/schema\/logo\/image\/\"},\"sameAs\":[\"https:\/\/www.linkedin.com\/company\/tecsens\/\"]},{\"@type\":\"Person\",\"@id\":\"https:\/\/www.tecsens.com\/#\/schema\/person\/1f72960a60140421bab7c0c55b923859\",\"name\":\"Admin\",\"image\":{\"@type\":\"ImageObject\",\"inLanguage\":\"de\",\"@id\":\"https:\/\/www.tecsens.com\/#\/schema\/person\/image\/\",\"url\":\"https:\/\/secure.gravatar.com\/avatar\/cef66946068415daaf1178cd189f6c18?s=96&d=mm&r=g\",\"contentUrl\":\"https:\/\/secure.gravatar.com\/avatar\/cef66946068415daaf1178cd189f6c18?s=96&d=mm&r=g\",\"caption\":\"Admin\"}}]}<\/script>\n<!-- \/ Yoast SEO plugin. -->","yoast_head_json":{"title":"Arbeiten Sie mit uns - Tecsens","description":"Arbeiten Sie mit uns zusammen, mit unserem Engagement als IT-Unternehmen, das die Entwicklung und digitale Transformation unserer Kunden garantiert.","robots":{"index":"index","follow":"follow","max-snippet":"max-snippet:-1","max-image-preview":"max-image-preview:large","max-video-preview":"max-video-preview:-1"},"canonical":"https:\/\/www.tecsens.com\/de\/arbeiten-sie-mit-uns-2\/","og_locale":"de_DE","og_type":"article","og_title":"Arbeiten Sie mit uns - Tecsens","og_description":"Arbeiten Sie mit uns zusammen, mit unserem Engagement als IT-Unternehmen, das die Entwicklung und digitale Transformation unserer Kunden garantiert.","og_url":"https:\/\/www.tecsens.com\/de\/arbeiten-sie-mit-uns-2\/","og_site_name":"Tecsens","article_modified_time":"2023-09-19T09:16:53+00:00","og_image":[{"url":"https:\/\/www.tecsens.com\/wp-content\/uploads\/2021\/02\/logo-tecsens.jpg","type":"","width":"","height":""}],"twitter_card":"summary_large_image","twitter_misc":{"Gesch\u00e4tzte Lesezeit":"3\u00a0Minuten"},"schema":{"@context":"https:\/\/schema.org","@graph":[{"@type":["Article","BlogPosting"],"@id":"https:\/\/www.tecsens.com\/de\/arbeiten-sie-mit-uns-2\/#article","isPartOf":{"@id":"https:\/\/www.tecsens.com\/de\/arbeiten-sie-mit-uns-2\/"},"author":{"name":"Admin","@id":"https:\/\/www.tecsens.com\/#\/schema\/person\/1f72960a60140421bab7c0c55b923859"},"headline":"Arbeiten Sie mit uns","datePublished":"2021-04-20T14:01:13+00:00","dateModified":"2023-09-19T09:16:53+00:00","mainEntityOfPage":{"@id":"https:\/\/www.tecsens.com\/de\/arbeiten-sie-mit-uns-2\/"},"wordCount":688,"publisher":{"@id":"https:\/\/www.tecsens.com\/#organization"},"image":{"@id":"https:\/\/www.tecsens.com\/de\/arbeiten-sie-mit-uns-2\/#primaryimage"},"thumbnailUrl":"https:\/\/www.tecsens.com\/wp-content\/uploads\/2021\/02\/logo-tecsens.jpg","inLanguage":"de"},{"@type":"WebPage","@id":"https:\/\/www.tecsens.com\/de\/arbeiten-sie-mit-uns-2\/","url":"https:\/\/www.tecsens.com\/de\/arbeiten-sie-mit-uns-2\/","name":"Arbeiten Sie mit uns - Tecsens","isPartOf":{"@id":"https:\/\/www.tecsens.com\/#website"},"primaryImageOfPage":{"@id":"https:\/\/www.tecsens.com\/de\/arbeiten-sie-mit-uns-2\/#primaryimage"},"image":{"@id":"https:\/\/www.tecsens.com\/de\/arbeiten-sie-mit-uns-2\/#primaryimage"},"thumbnailUrl":"https:\/\/www.tecsens.com\/wp-content\/uploads\/2021\/02\/logo-tecsens.jpg","datePublished":"2021-04-20T14:01:13+00:00","dateModified":"2023-09-19T09:16:53+00:00","description":"Arbeiten Sie mit uns zusammen, mit unserem Engagement als IT-Unternehmen, das die Entwicklung und digitale Transformation unserer Kunden garantiert.","breadcrumb":{"@id":"https:\/\/www.tecsens.com\/de\/arbeiten-sie-mit-uns-2\/#breadcrumb"},"inLanguage":"de","potentialAction":[{"@type":"ReadAction","target":["https:\/\/www.tecsens.com\/de\/arbeiten-sie-mit-uns-2\/"]}]},{"@type":"ImageObject","inLanguage":"de","@id":"https:\/\/www.tecsens.com\/de\/arbeiten-sie-mit-uns-2\/#primaryimage","url":"https:\/\/www.tecsens.com\/wp-content\/uploads\/2021\/02\/logo-tecsens.jpg","contentUrl":"https:\/\/www.tecsens.com\/wp-content\/uploads\/2021\/02\/logo-tecsens.jpg"},{"@type":"BreadcrumbList","@id":"https:\/\/www.tecsens.com\/de\/arbeiten-sie-mit-uns-2\/#breadcrumb","itemListElement":[{"@type":"ListItem","position":1,"name":"Portada","item":"https:\/\/www.tecsens.com\/de\/"},{"@type":"ListItem","position":2,"name":"Arbeiten Sie mit uns"}]},{"@type":"WebSite","@id":"https:\/\/www.tecsens.com\/#website","url":"https:\/\/www.tecsens.com\/","name":"TECSENS - Empowering companies","description":"Sense &amp; Technology","publisher":{"@id":"https:\/\/www.tecsens.com\/#organization"},"potentialAction":[{"@type":"SearchAction","target":{"@type":"EntryPoint","urlTemplate":"https:\/\/www.tecsens.com\/?s={search_term_string}"},"query-input":{"@type":"PropertyValueSpecification","valueRequired":true,"valueName":"search_term_string"}}],"inLanguage":"de"},{"@type":"Organization","@id":"https:\/\/www.tecsens.com\/#organization","name":"TECSENS","url":"https:\/\/www.tecsens.com\/","logo":{"@type":"ImageObject","inLanguage":"de","@id":"https:\/\/www.tecsens.com\/#\/schema\/logo\/image\/","url":"https:\/\/www.tecsens.com\/wp-content\/uploads\/2017\/02\/logo@2x.png","contentUrl":"https:\/\/www.tecsens.com\/wp-content\/uploads\/2017\/02\/logo@2x.png","width":411,"height":85,"caption":"TECSENS"},"image":{"@id":"https:\/\/www.tecsens.com\/#\/schema\/logo\/image\/"},"sameAs":["https:\/\/www.linkedin.com\/company\/tecsens\/"]},{"@type":"Person","@id":"https:\/\/www.tecsens.com\/#\/schema\/person\/1f72960a60140421bab7c0c55b923859","name":"Admin","image":{"@type":"ImageObject","inLanguage":"de","@id":"https:\/\/www.tecsens.com\/#\/schema\/person\/image\/","url":"https:\/\/secure.gravatar.com\/avatar\/cef66946068415daaf1178cd189f6c18?s=96&d=mm&r=g","contentUrl":"https:\/\/secure.gravatar.com\/avatar\/cef66946068415daaf1178cd189f6c18?s=96&d=mm&r=g","caption":"Admin"}}]}},"_links":{"self":[{"href":"https:\/\/www.tecsens.com\/de\/wp-json\/wp\/v2\/pages\/22933","targetHints":{"allow":["GET"]}}],"collection":[{"href":"https:\/\/www.tecsens.com\/de\/wp-json\/wp\/v2\/pages"}],"about":[{"href":"https:\/\/www.tecsens.com\/de\/wp-json\/wp\/v2\/types\/page"}],"author":[{"embeddable":true,"href":"https:\/\/www.tecsens.com\/de\/wp-json\/wp\/v2\/users\/2"}],"replies":[{"embeddable":true,"href":"https:\/\/www.tecsens.com\/de\/wp-json\/wp\/v2\/comments?post=22933"}],"version-history":[{"count":5,"href":"https:\/\/www.tecsens.com\/de\/wp-json\/wp\/v2\/pages\/22933\/revisions"}],"predecessor-version":[{"id":45298,"href":"https:\/\/www.tecsens.com\/de\/wp-json\/wp\/v2\/pages\/22933\/revisions\/45298"}],"wp:attachment":[{"href":"https:\/\/www.tecsens.com\/de\/wp-json\/wp\/v2\/media?parent=22933"}],"curies":[{"name":"wp","href":"https:\/\/api.w.org\/{rel}","templated":true}]}}