{"id":16466,"date":"2020-11-11T11:30:24","date_gmt":"2020-11-11T10:30:24","guid":{"rendered":"https:\/\/www.tecsens.com\/rechtlicher-hinweis\/"},"modified":"2026-02-11T14:08:11","modified_gmt":"2026-02-11T13:08:11","slug":"rechtlicher-hinweis","status":"publish","type":"page","link":"https:\/\/www.tecsens.com\/de\/rechtlicher-hinweis\/","title":{"rendered":"Rechtlicher Hinweis"},"content":{"rendered":"<p>[et_pb_section fb_built=&#8220;1&#8243; fullwidth=&#8220;on&#8220; admin_label=&#8220;01 Curva superior&#8220; _builder_version=&#8220;4.16&#8243; _module_preset=&#8220;default&#8220; background_color=&#8220;rgba(0,0,0,0)&#8220; background_image=&#8220;https:\/\/www.tecsens.com\/wp-content\/uploads\/2021\/02\/ondaazuloscura.png&#8220; background_size=&#8220;contain&#8220; background_position=&#8220;top_center&#8220; background_repeat=&#8220;repeat-x&#8220; min_height=&#8220;176px&#8220; custom_margin=&#8220;||||false|false&#8220; custom_css_main_element=&#8220;z-index:10;&#8220; global_colors_info=&#8220;{}&#8220;][\/et_pb_section][et_pb_section fb_built=&#8220;1&#8243; _builder_version=&#8220;4.16&#8243; global_colors_info=&#8220;{}&#8220;][et_pb_row _builder_version=&#8220;4.16&#8243; background_size=&#8220;initial&#8220; background_position=&#8220;top_left&#8220; background_repeat=&#8220;repeat&#8220; global_colors_info=&#8220;{}&#8220;][et_pb_column type=&#8220;4_4&#8243; _builder_version=&#8220;4.16&#8243; custom_padding=&#8220;|||&#8220; global_colors_info=&#8220;{}&#8220; custom_padding__hover=&#8220;|||&#8220;][et_pb_text _builder_version=&#8220;4.16&#8243; _module_preset=&#8220;default&#8220; text_font=&#8220;Maven Pro||||||||&#8220; text_text_color=&#8220;#5f5e5d&#8220; text_font_size=&#8220;16px&#8220; text_line_height=&#8220;1.2em&#8220; header_2_font=&#8220;Raleway|700|||||||&#8220; header_2_text_align=&#8220;center&#8220; header_2_text_color=&#8220;#0C71C3&#8243; header_2_font_size=&#8220;30px&#8220; header_2_letter_spacing=&#8220;2px&#8220; text_orientation=&#8220;center&#8220; min_height=&#8220;7px&#8220; custom_margin=&#8220;5px||||false|false&#8220; custom_padding=&#8220;5px|||||&#8220; locked=&#8220;off&#8220; global_colors_info=&#8220;{}&#8220;]<\/p>\n<h2 style=\"text-align: center;\">Rechtlicher Hinweis<\/h2>\n<p style=\"text-align: center;\">\n<p>[\/et_pb_text][et_pb_text _builder_version=&#8220;4.16&#8243; background_size=&#8220;initial&#8220; background_position=&#8220;top_left&#8220; background_repeat=&#8220;repeat&#8220; global_colors_info=&#8220;{}&#8220;]<\/p>\n<p><strong>1.<\/strong> <b>IDENTIFIKATIONSDATEN.<\/b><b> <\/b>In \u00dcbereinstimmung mit der Informationspflicht gem\u00e4\u00df Artikel 10 des Gesetzes 34\/2002 vom 11. Juli, Dienstleistungen der Informationsgesellschaft und des elektronischen Gesch\u00e4ftsverkehrs, werden die folgenden Daten der Website nachstehend dargestellt: das Unternehmen, das www.tecsens.com besitzt, ACTIVO TI S.L. (im Folgenden TECSENS<b>)<\/b> mit der Anschrift f\u00fcr diese Zwecke Paseo de las Delicias, 30 Planta 2\u00ba, 28045 (Madrid) von C.I.F. B64638364, eingetragen im Handelsregister von Madrid in Band 36759 allgemein, Folio 79, Seite M-658624. Kontakt-E-Mail: <a href=\"mailto:info@tecsens.com\">info@tecsens.com<\/a>. Kontakttelefon: 917 914 400 \/ 935 455 600.<\/p>\n<p><strong>2.<\/strong> <b>DATENSCHUTZ.<\/b><b> <\/b>TECSENS<b> <\/b>entspricht den Richtlinien der Datenschutz-Grundverordnung und anderen geltenden Vorschriften und stellt die korrekte Nutzung und Verarbeitung der personenbezogenen Daten des Nutzers sicher. Zu diesem Ergebnis informiert er den Nutzer zusammen mit jeder Form der Erhebung personenbezogener Daten bei den Dienstleistungen, die der Nutzer von TECSENS anfordern kann, \u00fcber das Vorhandensein und die Annahme der besonderen Bedingungen der Verarbeitung seiner Daten in jedem Fall und informiert ihn \u00fcber: i) der f\u00fcr die Verarbeitung Verantwortliche, ii) den Zweck derselben, iii) die legitimierende Ursache, iv) die potenziellen Empf\u00e4nger der Daten, v) das Verfahren zur Aus\u00fcbung der Rechte auf Zugang, Berichtigung, Widerspruch, L\u00f6schung, Einschr\u00e4nkung der Verarbeitung und \u00dcbertragbarkeit sowie in F\u00e4llen, in denen die Daten nicht von der betroffenen Person selbst bezogen wurden; vi) die Quelle und die Kategorien der verarbeiteten Daten. Dar\u00fcber hinaus informiert TECSENS, dass es das Gesetz 34\/2002 vom 11. Juli, Dienste der Informationsgesellschaft und des elektronischen Gesch\u00e4ftsverkehrs, einh\u00e4lt und Ihre Zustimmung zur Verarbeitung Ihrer E-Mail zu kommerziellen Zwecken jederzeit einholen wird.<\/p>\n<p><strong>3.<\/strong> <b>GEISTIGES UND GEWERBLICHES EIGENTUM.<\/b><b> <\/b>TECSENS besitzt alle geistigen und gewerblichen Eigentumsrechte seiner Website sowie die darin enthaltenen Elemente (einschlie\u00dflich Bilder, Ton, Ton, Video, Software oder Texte; Marken oder Logos, Farbkombinationen, Struktur und Design, Auswahl der verwendeten Materialien, Computerprogramme, die f\u00fcr ihren Betrieb, Zugriff und Nutzung usw. erforderlich sind), die im Besitz von TECSENS oder seinen Lizenzgebern sind. Alle Rechte vorbehalten. Gem\u00e4\u00df den Artikeln 8 und 32.1 Absatz 2 des Gesetzes \u00fcber geistiges Eigentum ist die Vervielf\u00e4ltigung, Verbreitung und \u00f6ffentliche Kommunikation, einschlie\u00dflich ihrer Art der Bereitstellung, ganz oder teilweise der Inhalte dieser Website, f\u00fcr kommerzielle Zwecke, auf jedem Medium und auf allen technischen Mitteln, ohne genehmigungsmittel von TECSENS ausdr\u00fccklich verboten. Der Nutzer verpflichtet sich, die geistigen und gewerblichen Schutzrechte von TECSENS zu respektieren.<\/p>\n<p><strong>4.<\/strong> <b>LINKS.<\/b><b> <\/b>F\u00fcr den Fall, dass in www.tecsens.com<b> <\/b>Links oder Hyperlinks zu anderen Internetseiten sind verf\u00fcgbar, TECSENS \u00fcbt keine Kontrolle \u00fcber solche Websites und Inhalte aus. Under no circumstances does TECSENS<b> <\/b>\u00fcbernimmt jegliche Verantwortung f\u00fcr den Inhalt eines Links, der zu einer Website Dritter geh\u00f6rt.<\/p>\n<p><strong>5.<\/strong> <b>HAFTUNGSBESCHR\u00c4NKUNG.<\/b><b> <\/b>TECSENS ist in keinem Fall verantwortlich f\u00fcr Sch\u00e4den jeglicher Art, die beispielsweise Fehler oder Auslassungen im Inhalt, die Nichtverf\u00fcgbarkeit des Portals oder die \u00dcbertragung von Viren oder b\u00f6sartigen oder affektiven Programmen in den Inhalten verursachen k\u00f6nnen, obwohl alle notwendigen technologischen Ma\u00dfnahmen ergriffen wurden, um dies zu verhindern.<\/p>\n<p><strong>6.<\/strong> <b>MODIFIKATIONEN UND AKTUALISIERUNGEN.<\/b> TECSENS beh\u00e4lt sich das Recht vor, jederzeit und ohne vorherige Ank\u00fcndigung \u00c4nderungen und Aktualisierungen der auf der Website enthaltenen Informationen vorzunehmen, deren Konfiguration, Verf\u00fcgbarkeit und Pr\u00e4sentation vorzunehmen.<\/p>\n<p>[\/et_pb_text][\/et_pb_column][\/et_pb_row][\/et_pb_section]<\/p>\n","protected":false},"excerpt":{"rendered":"<p>Rechtlicher Hinweis 1. IDENTIFIKATIONSDATEN. In \u00dcbereinstimmung mit der Informationspflicht gem\u00e4\u00df Artikel 10 des Gesetzes 34\/2002 vom 11. Juli, Dienstleistungen der Informationsgesellschaft und des elektronischen Gesch\u00e4ftsverkehrs, werden die folgenden Daten der Website nachstehend dargestellt: das Unternehmen, das www.tecsens.com besitzt, ACTIVO TI S.L. (im Folgenden TECSENS) mit der Anschrift f\u00fcr diese Zwecke Paseo de las Delicias, 30 [&hellip;]<\/p>\n","protected":false},"author":2,"featured_media":0,"parent":0,"menu_order":137,"comment_status":"closed","ping_status":"closed","template":"","meta":{"_et_pb_use_builder":"on","_et_pb_old_content":"","_et_gb_content_width":"","footnotes":""},"class_list":["post-16466","page","type-page","status-publish","hentry"],"yoast_head":"<!-- This site is optimized with the Yoast SEO plugin v26.8 - https:\/\/yoast.com\/product\/yoast-seo-wordpress\/ -->\n<title>Rechtlicher Hinweis - Tecsens<\/title>\n<meta name=\"description\" content=\"Rechtlicher Hinweis - Empowering companies\" \/>\n<meta name=\"robots\" content=\"noindex, follow\" \/>\n<meta property=\"og:locale\" content=\"de_DE\" \/>\n<meta property=\"og:type\" content=\"article\" \/>\n<meta property=\"og:title\" content=\"Rechtlicher Hinweis - Tecsens\" \/>\n<meta property=\"og:description\" content=\"Rechtlicher Hinweis - Empowering companies\" \/>\n<meta property=\"og:url\" content=\"https:\/\/www.tecsens.com\/de\/rechtlicher-hinweis\/\" \/>\n<meta property=\"og:site_name\" content=\"Tecsens\" \/>\n<meta property=\"article:modified_time\" content=\"2026-02-11T13:08:11+00:00\" \/>\n<meta property=\"og:image\" content=\"https:\/\/www.tecsens.com\/wp-content\/uploads\/2025\/10\/logo_Tecsens_baseline_V_negativo.png\" \/>\n\t<meta property=\"og:image:width\" content=\"2560\" \/>\n\t<meta property=\"og:image:height\" content=\"1566\" \/>\n\t<meta property=\"og:image:type\" content=\"image\/png\" \/>\n<meta name=\"twitter:card\" content=\"summary_large_image\" \/>\n<meta name=\"twitter:label1\" content=\"Gesch\u00e4tzte Lesezeit\" \/>\n\t<meta name=\"twitter:data1\" content=\"4\u00a0Minuten\" \/>\n<script type=\"application\/ld+json\" class=\"yoast-schema-graph\">{\"@context\":\"https:\/\/schema.org\",\"@graph\":[{\"@type\":[\"Article\",\"BlogPosting\"],\"@id\":\"https:\/\/www.tecsens.com\/de\/rechtlicher-hinweis\/#article\",\"isPartOf\":{\"@id\":\"https:\/\/www.tecsens.com\/de\/rechtlicher-hinweis\/\"},\"author\":{\"name\":\"Admin\",\"@id\":\"https:\/\/www.tecsens.com\/#\/schema\/person\/1f72960a60140421bab7c0c55b923859\"},\"headline\":\"Rechtlicher Hinweis\",\"datePublished\":\"2020-11-11T10:30:24+00:00\",\"dateModified\":\"2026-02-11T13:08:11+00:00\",\"mainEntityOfPage\":{\"@id\":\"https:\/\/www.tecsens.com\/de\/rechtlicher-hinweis\/\"},\"wordCount\":711,\"publisher\":{\"@id\":\"https:\/\/www.tecsens.com\/#organization\"},\"inLanguage\":\"de\"},{\"@type\":\"WebPage\",\"@id\":\"https:\/\/www.tecsens.com\/de\/rechtlicher-hinweis\/\",\"url\":\"https:\/\/www.tecsens.com\/de\/rechtlicher-hinweis\/\",\"name\":\"Rechtlicher Hinweis - Tecsens\",\"isPartOf\":{\"@id\":\"https:\/\/www.tecsens.com\/#website\"},\"datePublished\":\"2020-11-11T10:30:24+00:00\",\"dateModified\":\"2026-02-11T13:08:11+00:00\",\"description\":\"Rechtlicher Hinweis - Empowering companies\",\"breadcrumb\":{\"@id\":\"https:\/\/www.tecsens.com\/de\/rechtlicher-hinweis\/#breadcrumb\"},\"inLanguage\":\"de\",\"potentialAction\":[{\"@type\":\"ReadAction\",\"target\":[\"https:\/\/www.tecsens.com\/de\/rechtlicher-hinweis\/\"]}]},{\"@type\":\"BreadcrumbList\",\"@id\":\"https:\/\/www.tecsens.com\/de\/rechtlicher-hinweis\/#breadcrumb\",\"itemListElement\":[{\"@type\":\"ListItem\",\"position\":1,\"name\":\"Portada\",\"item\":\"https:\/\/www.tecsens.com\/de\/\"},{\"@type\":\"ListItem\",\"position\":2,\"name\":\"Rechtlicher Hinweis\"}]},{\"@type\":\"WebSite\",\"@id\":\"https:\/\/www.tecsens.com\/#website\",\"url\":\"https:\/\/www.tecsens.com\/\",\"name\":\"TECSENS - Empowering companies\",\"description\":\"Sense &amp; Technology\",\"publisher\":{\"@id\":\"https:\/\/www.tecsens.com\/#organization\"},\"potentialAction\":[{\"@type\":\"SearchAction\",\"target\":{\"@type\":\"EntryPoint\",\"urlTemplate\":\"https:\/\/www.tecsens.com\/?s={search_term_string}\"},\"query-input\":{\"@type\":\"PropertyValueSpecification\",\"valueRequired\":true,\"valueName\":\"search_term_string\"}}],\"inLanguage\":\"de\"},{\"@type\":\"Organization\",\"@id\":\"https:\/\/www.tecsens.com\/#organization\",\"name\":\"TECSENS\",\"url\":\"https:\/\/www.tecsens.com\/\",\"logo\":{\"@type\":\"ImageObject\",\"inLanguage\":\"de\",\"@id\":\"https:\/\/www.tecsens.com\/#\/schema\/logo\/image\/\",\"url\":\"https:\/\/www.tecsens.com\/wp-content\/uploads\/2017\/02\/logo@2x.png\",\"contentUrl\":\"https:\/\/www.tecsens.com\/wp-content\/uploads\/2017\/02\/logo@2x.png\",\"width\":411,\"height\":85,\"caption\":\"TECSENS\"},\"image\":{\"@id\":\"https:\/\/www.tecsens.com\/#\/schema\/logo\/image\/\"},\"sameAs\":[\"https:\/\/www.linkedin.com\/company\/tecsens\/\"]},{\"@type\":\"Person\",\"@id\":\"https:\/\/www.tecsens.com\/#\/schema\/person\/1f72960a60140421bab7c0c55b923859\",\"name\":\"Admin\",\"image\":{\"@type\":\"ImageObject\",\"inLanguage\":\"de\",\"@id\":\"https:\/\/www.tecsens.com\/#\/schema\/person\/image\/\",\"url\":\"https:\/\/secure.gravatar.com\/avatar\/cef66946068415daaf1178cd189f6c18?s=96&d=mm&r=g\",\"contentUrl\":\"https:\/\/secure.gravatar.com\/avatar\/cef66946068415daaf1178cd189f6c18?s=96&d=mm&r=g\",\"caption\":\"Admin\"}}]}<\/script>\n<!-- \/ Yoast SEO plugin. -->","yoast_head_json":{"title":"Rechtlicher Hinweis - Tecsens","description":"Rechtlicher Hinweis - Empowering companies","robots":{"index":"noindex","follow":"follow"},"og_locale":"de_DE","og_type":"article","og_title":"Rechtlicher Hinweis - Tecsens","og_description":"Rechtlicher Hinweis - Empowering companies","og_url":"https:\/\/www.tecsens.com\/de\/rechtlicher-hinweis\/","og_site_name":"Tecsens","article_modified_time":"2026-02-11T13:08:11+00:00","og_image":[{"width":2560,"height":1566,"url":"https:\/\/www.tecsens.com\/wp-content\/uploads\/2025\/10\/logo_Tecsens_baseline_V_negativo.png","type":"image\/png"}],"twitter_card":"summary_large_image","twitter_misc":{"Gesch\u00e4tzte Lesezeit":"4\u00a0Minuten"},"schema":{"@context":"https:\/\/schema.org","@graph":[{"@type":["Article","BlogPosting"],"@id":"https:\/\/www.tecsens.com\/de\/rechtlicher-hinweis\/#article","isPartOf":{"@id":"https:\/\/www.tecsens.com\/de\/rechtlicher-hinweis\/"},"author":{"name":"Admin","@id":"https:\/\/www.tecsens.com\/#\/schema\/person\/1f72960a60140421bab7c0c55b923859"},"headline":"Rechtlicher Hinweis","datePublished":"2020-11-11T10:30:24+00:00","dateModified":"2026-02-11T13:08:11+00:00","mainEntityOfPage":{"@id":"https:\/\/www.tecsens.com\/de\/rechtlicher-hinweis\/"},"wordCount":711,"publisher":{"@id":"https:\/\/www.tecsens.com\/#organization"},"inLanguage":"de"},{"@type":"WebPage","@id":"https:\/\/www.tecsens.com\/de\/rechtlicher-hinweis\/","url":"https:\/\/www.tecsens.com\/de\/rechtlicher-hinweis\/","name":"Rechtlicher Hinweis - Tecsens","isPartOf":{"@id":"https:\/\/www.tecsens.com\/#website"},"datePublished":"2020-11-11T10:30:24+00:00","dateModified":"2026-02-11T13:08:11+00:00","description":"Rechtlicher Hinweis - Empowering companies","breadcrumb":{"@id":"https:\/\/www.tecsens.com\/de\/rechtlicher-hinweis\/#breadcrumb"},"inLanguage":"de","potentialAction":[{"@type":"ReadAction","target":["https:\/\/www.tecsens.com\/de\/rechtlicher-hinweis\/"]}]},{"@type":"BreadcrumbList","@id":"https:\/\/www.tecsens.com\/de\/rechtlicher-hinweis\/#breadcrumb","itemListElement":[{"@type":"ListItem","position":1,"name":"Portada","item":"https:\/\/www.tecsens.com\/de\/"},{"@type":"ListItem","position":2,"name":"Rechtlicher Hinweis"}]},{"@type":"WebSite","@id":"https:\/\/www.tecsens.com\/#website","url":"https:\/\/www.tecsens.com\/","name":"TECSENS - Empowering companies","description":"Sense &amp; Technology","publisher":{"@id":"https:\/\/www.tecsens.com\/#organization"},"potentialAction":[{"@type":"SearchAction","target":{"@type":"EntryPoint","urlTemplate":"https:\/\/www.tecsens.com\/?s={search_term_string}"},"query-input":{"@type":"PropertyValueSpecification","valueRequired":true,"valueName":"search_term_string"}}],"inLanguage":"de"},{"@type":"Organization","@id":"https:\/\/www.tecsens.com\/#organization","name":"TECSENS","url":"https:\/\/www.tecsens.com\/","logo":{"@type":"ImageObject","inLanguage":"de","@id":"https:\/\/www.tecsens.com\/#\/schema\/logo\/image\/","url":"https:\/\/www.tecsens.com\/wp-content\/uploads\/2017\/02\/logo@2x.png","contentUrl":"https:\/\/www.tecsens.com\/wp-content\/uploads\/2017\/02\/logo@2x.png","width":411,"height":85,"caption":"TECSENS"},"image":{"@id":"https:\/\/www.tecsens.com\/#\/schema\/logo\/image\/"},"sameAs":["https:\/\/www.linkedin.com\/company\/tecsens\/"]},{"@type":"Person","@id":"https:\/\/www.tecsens.com\/#\/schema\/person\/1f72960a60140421bab7c0c55b923859","name":"Admin","image":{"@type":"ImageObject","inLanguage":"de","@id":"https:\/\/www.tecsens.com\/#\/schema\/person\/image\/","url":"https:\/\/secure.gravatar.com\/avatar\/cef66946068415daaf1178cd189f6c18?s=96&d=mm&r=g","contentUrl":"https:\/\/secure.gravatar.com\/avatar\/cef66946068415daaf1178cd189f6c18?s=96&d=mm&r=g","caption":"Admin"}}]}},"_links":{"self":[{"href":"https:\/\/www.tecsens.com\/de\/wp-json\/wp\/v2\/pages\/16466","targetHints":{"allow":["GET"]}}],"collection":[{"href":"https:\/\/www.tecsens.com\/de\/wp-json\/wp\/v2\/pages"}],"about":[{"href":"https:\/\/www.tecsens.com\/de\/wp-json\/wp\/v2\/types\/page"}],"author":[{"embeddable":true,"href":"https:\/\/www.tecsens.com\/de\/wp-json\/wp\/v2\/users\/2"}],"replies":[{"embeddable":true,"href":"https:\/\/www.tecsens.com\/de\/wp-json\/wp\/v2\/comments?post=16466"}],"version-history":[{"count":8,"href":"https:\/\/www.tecsens.com\/de\/wp-json\/wp\/v2\/pages\/16466\/revisions"}],"predecessor-version":[{"id":52776,"href":"https:\/\/www.tecsens.com\/de\/wp-json\/wp\/v2\/pages\/16466\/revisions\/52776"}],"wp:attachment":[{"href":"https:\/\/www.tecsens.com\/de\/wp-json\/wp\/v2\/media?parent=16466"}],"curies":[{"name":"wp","href":"https:\/\/api.w.org\/{rel}","templated":true}]}}