{"id":16462,"date":"2020-11-11T11:27:07","date_gmt":"2020-11-11T10:27:07","guid":{"rendered":"https:\/\/www.tecsens.com\/cookie-richtlinie\/"},"modified":"2021-05-11T17:57:27","modified_gmt":"2021-05-11T15:57:27","slug":"cookie-richtlinie","status":"publish","type":"page","link":"https:\/\/www.tecsens.com\/de\/cookie-richtlinie\/","title":{"rendered":"Cookie-Richtlinie"},"content":{"rendered":"[et_pb_section fb_built=&#8220;1&#8243; fullwidth=&#8220;on&#8220; admin_label=&#8220;01 Curva superior&#8220; _builder_version=&#8220;4.9.0&#8243; _module_preset=&#8220;default&#8220; background_color=&#8220;rgba(0,0,0,0)&#8220; background_image=&#8220;https:\/\/www.tecsens.com\/wp-content\/uploads\/2021\/02\/ondaazuloscura.png&#8220; background_size=&#8220;contain&#8220; background_position=&#8220;top_center&#8220; background_repeat=&#8220;repeat-x&#8220; min_height=&#8220;176px&#8220; custom_margin=&#8220;||||false|false&#8220; custom_css_main_element=&#8220;z-index:10;&#8220;][\/et_pb_section][et_pb_section fb_built=&#8220;1&#8243; admin_label=&#8220;section&#8220; _builder_version=&#8220;3.22&#8243;][et_pb_row admin_label=&#8220;row&#8220; _builder_version=&#8220;3.25&#8243; background_size=&#8220;initial&#8220; background_position=&#8220;top_left&#8220; background_repeat=&#8220;repeat&#8220;][et_pb_column type=&#8220;4_4&#8243; _builder_version=&#8220;3.25&#8243; custom_padding=&#8220;|||&#8220; custom_padding__hover=&#8220;|||&#8220;][et_pb_text _builder_version=&#8220;4.9.4&#8243; _module_preset=&#8220;default&#8220; text_font=&#8220;Maven Pro||||||||&#8220; text_text_color=&#8220;#5f5e5d&#8220; text_font_size=&#8220;16px&#8220; text_line_height=&#8220;1.2em&#8220; header_2_font=&#8220;Raleway|700|||||||&#8220; header_2_text_align=&#8220;center&#8220; header_2_text_color=&#8220;#0C71C3&#8243; header_2_font_size=&#8220;30px&#8220; header_2_letter_spacing=&#8220;2px&#8220; text_orientation=&#8220;center&#8220; min_height=&#8220;7px&#8220; custom_margin=&#8220;5px||||false|false&#8220; custom_padding=&#8220;5px|||||&#8220; hover_enabled=&#8220;0&#8243; locked=&#8220;off&#8220; sticky_enabled=&#8220;0&#8243;]<h2 style=\"text-align: center;\">Cookie-Richtlinie<\/h2>\n<p style=\"text-align: center;\"><\/p>[\/et_pb_text][et_pb_text admin_label=&#8220;Text&#8220; _builder_version=&#8220;4.9.1&#8243; background_size=&#8220;initial&#8220; background_position=&#8220;top_left&#8220; background_repeat=&#8220;repeat&#8220;]<h3>Was sind Cookies und wof\u00fcr werden sie verwendet?<\/h3>\n<p>Das Wort Cookies ist der englische Begriff, der verwendet wird, um kleine Textdateien zu benennen, die beim Surfen auf einer Website, Anwendung oder Computerplattform in den Browser eines Benutzers (Computer, Mobiltelefon, Tablet usw.) heruntergeladen werden.<\/p>\n<p>Cookies bringen gro\u00dfe Vorteile bei der Bereitstellung von Diensten der Informationsgesellschaft, da sie das Surfen im Internet erleichtern und beschleunigen und uns auch helfen, die Qualit\u00e4t der Dienste zu verbessern, die wir unseren Nutzern anbieten. Cookies erm\u00f6glichen es uns unter anderem, Informationen \u00fcber die Surfgewohnheiten eines Benutzers oder seiner Ger\u00e4te zu speichern und abzurufen, was uns dient, um zu wissen, welche Seiten oder Dienstprogramme einer Website, Anwendung oder Plattform am n\u00fctzlichsten sind und welche nicht, um sie zu verbessern und, abh\u00e4ngig von den darin enthaltenen Informationen und der Art und Weise, wie Sie Ihren Computer verwenden, , kann auch verwendet werden, um den Benutzer zu erkennen.<\/p>\n<h3> <\/h3>\n<h3>Art der Cookies, die wir auf dieser Website verwenden<\/h3>\n<p><u>Abh\u00e4ngig von der Entit\u00e4t, die sie verwaltet<\/u><\/p>\n<ul>\n<li>Eigene Cookies: Solche, die wir von einem von TECSENS verwalteten Computer oder einer Dom\u00e4ne an den Computer des Benutzers senden und von denen der vom Benutzer angeforderte Dienst bereitgestellt wird.<\/li>\n<li>Cookies von Drittanbietern: Cookies von Drittanbietern, die von einem Computer oder einer Dom\u00e4ne, die nicht von TECSENS, sondern von Dritten verwaltet wird, an den Computer des Benutzers gesendet werden.<\/li>\n<\/ul>\n<p><u>Je nachdem, wie lange sie aktiv bleiben<\/u><\/p>\n<ul>\n<li>Sitzungscookies: Sie sind tempor\u00e4r und verbleiben im Browser des Computers des Benutzers, bis der Benutzer die Website, Anwendung oder Plattform verl\u00e4sst. Diese Cookies machen das Surfen einfacher und schneller.<\/li>\n<li>Persistente Cookies: Dies sind diejenigen, in denen die Informationen auf dem Computer des Benutzers gespeichert werden und f\u00fcr einen Zeitraum zugegriffen werden k\u00f6nnen, der von der f\u00fcr das Cookie verantwortlichen Person festgelegt wurde, was einige Minuten oder Jahre dauern kann.<\/li>\n<\/ul>\n<p><u>Je nach Zweck<\/u><\/p>\n<ul>\n<li>Technische Cookies: Dies sind diejenigen, die es dem Benutzer erm\u00f6glichen, eine Website, Anwendung oder Plattform zu durchsuchen.<\/li>\n<li>Personalisierungs-Cookies: Diese erm\u00f6glichen dem Benutzer den Zugriff auf den Dienst mit einigen Funktionen, allgemeiner Art, vordefiniert, wie die Sprache, die Art des Zugriffsbrowsers usw.<\/li>\n<li>Analyse-Cookies: Sie sind es, die es erm\u00f6glichen, die Anzahl der Nutzer zu quantifizieren und so statistische Messungen und Analysen der Aktivit\u00e4t von Websites, Anwendungen oder Plattformen durchzuf\u00fchren und Browserprofile f\u00fcr Benutzer zu entwickeln, um Verbesserungen einzuf\u00fchren.<\/li>\n<\/ul>\n<h4> <\/h4>\n<h4>Eigene Cookies<\/h4>\n<p>Die auf dieser Website verwendeten Cookies von TECSENS lauten wie folgt:<\/p>\n<table>\n<tbody>\n<tr>\n<th style=\"text-align: center;\" width=\"25%\">Cookie<\/th>\n<th style=\"text-align: center;\">Zweck<\/th>\n<\/tr>\n<tr>\n<td style=\"text-align: center;\">wp-wpml_current_language<\/td>\n<td style=\"text-align: center;\">Speichert den Sprachwert f\u00fcr die Website<\/td>\n<\/tr>\n<tr>\n<td style=\"text-align: center;\">catAccCookies<\/td>\n<td style=\"text-align: center;\">Kontrolliert die Annahme von Cookie-Hinweisen<\/td>\n<\/tr>\n<\/tbody>\n<\/table>\n<h4> <\/h4>\n<h4>Cookies von Drittanbietern<\/h4>\n<p>Die auf dieser Website verwendeten Cookies von Drittanbietern lauten wie folgt:<\/p>\n<table>\n<tbody>\n<tr>\n<th style=\"text-align: center;\" width=\"25%\">Cookie<\/th>\n<th style=\"text-align: center;\" width=\"25%\">Emitter<\/th>\n<th style=\"text-align: center;\">Zweck<\/th>\n<\/tr>\n<tr>\n<td style=\"text-align: center;\">_ga<\/td>\n<td style=\"text-align: center;\">Google Analytics<\/td>\n<td style=\"text-align: center;\">Unterscheiden sie f\u00fcr eindeutige Benutzer<\/td>\n<\/tr>\n<tr>\n<td style=\"text-align: center;\">_gat<\/td>\n<td style=\"text-align: center;\">Google Analytics<\/td>\n<td style=\"text-align: center;\">Kennen Sie die Laderate<\/td>\n<\/tr>\n<tr>\n<td style=\"text-align: center;\">_gid<\/td>\n<td style=\"text-align: center;\">Google Analytics<\/td>\n<td style=\"text-align: center;\">Unterscheidung von Besuchen<\/td>\n<\/tr>\n<\/tbody>\n<\/table>\n<p>Ebenso hat Google Analytics ein Tool entwickelt, das der Benutzer in seinem Browser installieren kann, falls er nicht von seinen Cookies verfolgt werden m\u00f6chte, ein Tool, das hier zu finden <a href=\"https:\/\/tools.google.com\/dlpage\/gaoptout?hl=es\">ist.<\/a><\/p>\n<h3> <\/h3>\n<h3>L\u00f6schen von Cookies<\/h3>\n<p>Benutzer k\u00f6nnen auf ihrem Computer installierte Cookies einschr\u00e4nken, blockieren oder l\u00f6schen, indem sie die Browseroptionen konfigurieren, die sie auf ihrem Computer installiert haben. F\u00fcr den Fall, dass Sie die Installation von Cookies in Ihrem Browser nicht zulassen, k\u00f6nnen Sie m\u00f6glicherweise nicht auf unsere Abschnitte oder Dienstprogramme zugreifen und m\u00f6glicherweise nicht einmal surfen.<\/p>\n<p>Wenn Ihr Computer den Internet Explorer-Browser verwendet, erfahren Sie, wie Sie die Verwendung von Cookies blockieren oder l\u00f6schen:<\/p>\n<p><a href=\"http:\/\/windows.microsoft.com\/es-es\/windows-vista\/block-or-allow-cookies\">http:\/\/windows.microsoft.com\/es-es\/windows-vista\/block-or-allow-cookies.<\/a><\/p>\n<p>Wenn Ihr Computer den Firefox-Browser verwendet, k\u00f6nnen Sie erfahren, wie Sie die Verwendung von Cookies blockieren oder l\u00f6schen:<\/p>\n<p><a href=\"https:\/\/support.mozilla.org\/es\/kb\/habilitar-y-deshabilitar-cookies-que-los-sitios-we\">https:\/\/support.mozilla.org\/es\/kb\/habilitar-y-deshabilitar-cookies-que-los-sitios-we<\/a><\/p>\n<p>Wenn Ihr Computer den Chrome-Browser verwendet, erfahren Sie, wie Sie die Verwendung von Cookies blockieren oder l\u00f6schen:<\/p>\n<p><a href=\"https:\/\/support.google.com\/chrome\/answer\/95647?hl=es\">https:\/\/support.google.com\/chrome\/answer\/95647?hl=es<\/a><\/p>\n<p>Wenn Ihr Computer den Opera-Browser verwendet, k\u00f6nnen Sie erfahren, wie Sie die Verwendung von Cookies blockieren oder l\u00f6schen:<\/p>\n<p><a href=\"http:\/\/help.opera.com\/Linux\/10.60\/es-ES\/cookies.html\">http:\/\/help.opera.com\/Linux\/10.60\/es-ES\/cookies.html<\/a><\/p>\n<p>Wenn Ihr Computer den Safari-Browser verwendet, k\u00f6nnen Sie erfahren, wie Sie die Verwendung von Cookies blockieren oder l\u00f6schen:<\/p>\n<p><a href=\"http:\/\/support.apple.com\/kb\/ph11913\">http:\/\/support.apple.com\/kb\/ph11913<\/a><\/p>\n<p>\n\n<p><\/p><\/p>[\/et_pb_text][\/et_pb_column][\/et_pb_row][\/et_pb_section]","protected":false},"excerpt":{"rendered":"<p>Cookie-Richtlinie Was sind Cookies und wof\u00fcr werden sie verwendet? Das Wort Cookies ist der englische Begriff, der verwendet wird, um kleine Textdateien zu benennen, die beim Surfen auf einer Website, Anwendung oder Computerplattform in den Browser eines Benutzers (Computer, Mobiltelefon, Tablet usw.) heruntergeladen werden. Cookies bringen gro\u00dfe Vorteile bei der Bereitstellung von Diensten der Informationsgesellschaft, [&hellip;]<\/p>\n","protected":false},"author":2,"featured_media":0,"parent":0,"menu_order":129,"comment_status":"closed","ping_status":"closed","template":"","meta":{"_et_pb_use_builder":"on","_et_pb_old_content":"","_et_gb_content_width":"","footnotes":""},"class_list":["post-16462","page","type-page","status-publish","hentry"],"yoast_head":"<!-- This site is optimized with the Yoast SEO plugin v26.8 - https:\/\/yoast.com\/product\/yoast-seo-wordpress\/ -->\n<title>Cookie-Richtlinie - Tecsens<\/title>\n<meta name=\"description\" content=\"Cookie-Richtlinie - Empowering companies\" \/>\n<meta name=\"robots\" content=\"noindex, follow\" \/>\n<meta property=\"og:locale\" content=\"de_DE\" \/>\n<meta property=\"og:type\" content=\"article\" \/>\n<meta property=\"og:title\" content=\"Cookie-Richtlinie - Tecsens\" \/>\n<meta property=\"og:description\" content=\"Cookie-Richtlinie - Empowering companies\" \/>\n<meta property=\"og:url\" content=\"https:\/\/www.tecsens.com\/de\/cookie-richtlinie\/\" \/>\n<meta property=\"og:site_name\" content=\"Tecsens\" \/>\n<meta property=\"article:modified_time\" content=\"2021-05-11T15:57:27+00:00\" \/>\n<meta property=\"og:image\" content=\"https:\/\/www.tecsens.com\/wp-content\/uploads\/2025\/10\/logo_Tecsens_baseline_V_negativo.png\" \/>\n\t<meta property=\"og:image:width\" content=\"2560\" \/>\n\t<meta property=\"og:image:height\" content=\"1566\" \/>\n\t<meta property=\"og:image:type\" content=\"image\/png\" \/>\n<meta name=\"twitter:card\" content=\"summary_large_image\" \/>\n<meta name=\"twitter:label1\" content=\"Gesch\u00e4tzte Lesezeit\" \/>\n\t<meta name=\"twitter:data1\" content=\"4\u00a0Minuten\" \/>\n<script type=\"application\/ld+json\" class=\"yoast-schema-graph\">{\"@context\":\"https:\/\/schema.org\",\"@graph\":[{\"@type\":[\"Article\",\"BlogPosting\"],\"@id\":\"https:\/\/www.tecsens.com\/de\/cookie-richtlinie\/#article\",\"isPartOf\":{\"@id\":\"https:\/\/www.tecsens.com\/de\/cookie-richtlinie\/\"},\"author\":{\"name\":\"Admin\",\"@id\":\"https:\/\/www.tecsens.com\/#\/schema\/person\/1f72960a60140421bab7c0c55b923859\"},\"headline\":\"Cookie-Richtlinie\",\"datePublished\":\"2020-11-11T10:27:07+00:00\",\"dateModified\":\"2021-05-11T15:57:27+00:00\",\"mainEntityOfPage\":{\"@id\":\"https:\/\/www.tecsens.com\/de\/cookie-richtlinie\/\"},\"wordCount\":894,\"publisher\":{\"@id\":\"https:\/\/www.tecsens.com\/#organization\"},\"inLanguage\":\"de\"},{\"@type\":\"WebPage\",\"@id\":\"https:\/\/www.tecsens.com\/de\/cookie-richtlinie\/\",\"url\":\"https:\/\/www.tecsens.com\/de\/cookie-richtlinie\/\",\"name\":\"Cookie-Richtlinie - Tecsens\",\"isPartOf\":{\"@id\":\"https:\/\/www.tecsens.com\/#website\"},\"datePublished\":\"2020-11-11T10:27:07+00:00\",\"dateModified\":\"2021-05-11T15:57:27+00:00\",\"description\":\"Cookie-Richtlinie - Empowering companies\",\"breadcrumb\":{\"@id\":\"https:\/\/www.tecsens.com\/de\/cookie-richtlinie\/#breadcrumb\"},\"inLanguage\":\"de\",\"potentialAction\":[{\"@type\":\"ReadAction\",\"target\":[\"https:\/\/www.tecsens.com\/de\/cookie-richtlinie\/\"]}]},{\"@type\":\"BreadcrumbList\",\"@id\":\"https:\/\/www.tecsens.com\/de\/cookie-richtlinie\/#breadcrumb\",\"itemListElement\":[{\"@type\":\"ListItem\",\"position\":1,\"name\":\"Portada\",\"item\":\"https:\/\/www.tecsens.com\/de\/\"},{\"@type\":\"ListItem\",\"position\":2,\"name\":\"Cookie-Richtlinie\"}]},{\"@type\":\"WebSite\",\"@id\":\"https:\/\/www.tecsens.com\/#website\",\"url\":\"https:\/\/www.tecsens.com\/\",\"name\":\"TECSENS - Empowering companies\",\"description\":\"Sense &amp; Technology\",\"publisher\":{\"@id\":\"https:\/\/www.tecsens.com\/#organization\"},\"potentialAction\":[{\"@type\":\"SearchAction\",\"target\":{\"@type\":\"EntryPoint\",\"urlTemplate\":\"https:\/\/www.tecsens.com\/?s={search_term_string}\"},\"query-input\":{\"@type\":\"PropertyValueSpecification\",\"valueRequired\":true,\"valueName\":\"search_term_string\"}}],\"inLanguage\":\"de\"},{\"@type\":\"Organization\",\"@id\":\"https:\/\/www.tecsens.com\/#organization\",\"name\":\"TECSENS\",\"url\":\"https:\/\/www.tecsens.com\/\",\"logo\":{\"@type\":\"ImageObject\",\"inLanguage\":\"de\",\"@id\":\"https:\/\/www.tecsens.com\/#\/schema\/logo\/image\/\",\"url\":\"https:\/\/www.tecsens.com\/wp-content\/uploads\/2017\/02\/logo@2x.png\",\"contentUrl\":\"https:\/\/www.tecsens.com\/wp-content\/uploads\/2017\/02\/logo@2x.png\",\"width\":411,\"height\":85,\"caption\":\"TECSENS\"},\"image\":{\"@id\":\"https:\/\/www.tecsens.com\/#\/schema\/logo\/image\/\"},\"sameAs\":[\"https:\/\/www.linkedin.com\/company\/tecsens\/\"]},{\"@type\":\"Person\",\"@id\":\"https:\/\/www.tecsens.com\/#\/schema\/person\/1f72960a60140421bab7c0c55b923859\",\"name\":\"Admin\",\"image\":{\"@type\":\"ImageObject\",\"inLanguage\":\"de\",\"@id\":\"https:\/\/www.tecsens.com\/#\/schema\/person\/image\/\",\"url\":\"https:\/\/secure.gravatar.com\/avatar\/cef66946068415daaf1178cd189f6c18?s=96&d=mm&r=g\",\"contentUrl\":\"https:\/\/secure.gravatar.com\/avatar\/cef66946068415daaf1178cd189f6c18?s=96&d=mm&r=g\",\"caption\":\"Admin\"}}]}<\/script>\n<!-- \/ Yoast SEO plugin. -->","yoast_head_json":{"title":"Cookie-Richtlinie - Tecsens","description":"Cookie-Richtlinie - Empowering companies","robots":{"index":"noindex","follow":"follow"},"og_locale":"de_DE","og_type":"article","og_title":"Cookie-Richtlinie - Tecsens","og_description":"Cookie-Richtlinie - Empowering companies","og_url":"https:\/\/www.tecsens.com\/de\/cookie-richtlinie\/","og_site_name":"Tecsens","article_modified_time":"2021-05-11T15:57:27+00:00","og_image":[{"width":2560,"height":1566,"url":"https:\/\/www.tecsens.com\/wp-content\/uploads\/2025\/10\/logo_Tecsens_baseline_V_negativo.png","type":"image\/png"}],"twitter_card":"summary_large_image","twitter_misc":{"Gesch\u00e4tzte Lesezeit":"4\u00a0Minuten"},"schema":{"@context":"https:\/\/schema.org","@graph":[{"@type":["Article","BlogPosting"],"@id":"https:\/\/www.tecsens.com\/de\/cookie-richtlinie\/#article","isPartOf":{"@id":"https:\/\/www.tecsens.com\/de\/cookie-richtlinie\/"},"author":{"name":"Admin","@id":"https:\/\/www.tecsens.com\/#\/schema\/person\/1f72960a60140421bab7c0c55b923859"},"headline":"Cookie-Richtlinie","datePublished":"2020-11-11T10:27:07+00:00","dateModified":"2021-05-11T15:57:27+00:00","mainEntityOfPage":{"@id":"https:\/\/www.tecsens.com\/de\/cookie-richtlinie\/"},"wordCount":894,"publisher":{"@id":"https:\/\/www.tecsens.com\/#organization"},"inLanguage":"de"},{"@type":"WebPage","@id":"https:\/\/www.tecsens.com\/de\/cookie-richtlinie\/","url":"https:\/\/www.tecsens.com\/de\/cookie-richtlinie\/","name":"Cookie-Richtlinie - Tecsens","isPartOf":{"@id":"https:\/\/www.tecsens.com\/#website"},"datePublished":"2020-11-11T10:27:07+00:00","dateModified":"2021-05-11T15:57:27+00:00","description":"Cookie-Richtlinie - Empowering companies","breadcrumb":{"@id":"https:\/\/www.tecsens.com\/de\/cookie-richtlinie\/#breadcrumb"},"inLanguage":"de","potentialAction":[{"@type":"ReadAction","target":["https:\/\/www.tecsens.com\/de\/cookie-richtlinie\/"]}]},{"@type":"BreadcrumbList","@id":"https:\/\/www.tecsens.com\/de\/cookie-richtlinie\/#breadcrumb","itemListElement":[{"@type":"ListItem","position":1,"name":"Portada","item":"https:\/\/www.tecsens.com\/de\/"},{"@type":"ListItem","position":2,"name":"Cookie-Richtlinie"}]},{"@type":"WebSite","@id":"https:\/\/www.tecsens.com\/#website","url":"https:\/\/www.tecsens.com\/","name":"TECSENS - Empowering companies","description":"Sense &amp; Technology","publisher":{"@id":"https:\/\/www.tecsens.com\/#organization"},"potentialAction":[{"@type":"SearchAction","target":{"@type":"EntryPoint","urlTemplate":"https:\/\/www.tecsens.com\/?s={search_term_string}"},"query-input":{"@type":"PropertyValueSpecification","valueRequired":true,"valueName":"search_term_string"}}],"inLanguage":"de"},{"@type":"Organization","@id":"https:\/\/www.tecsens.com\/#organization","name":"TECSENS","url":"https:\/\/www.tecsens.com\/","logo":{"@type":"ImageObject","inLanguage":"de","@id":"https:\/\/www.tecsens.com\/#\/schema\/logo\/image\/","url":"https:\/\/www.tecsens.com\/wp-content\/uploads\/2017\/02\/logo@2x.png","contentUrl":"https:\/\/www.tecsens.com\/wp-content\/uploads\/2017\/02\/logo@2x.png","width":411,"height":85,"caption":"TECSENS"},"image":{"@id":"https:\/\/www.tecsens.com\/#\/schema\/logo\/image\/"},"sameAs":["https:\/\/www.linkedin.com\/company\/tecsens\/"]},{"@type":"Person","@id":"https:\/\/www.tecsens.com\/#\/schema\/person\/1f72960a60140421bab7c0c55b923859","name":"Admin","image":{"@type":"ImageObject","inLanguage":"de","@id":"https:\/\/www.tecsens.com\/#\/schema\/person\/image\/","url":"https:\/\/secure.gravatar.com\/avatar\/cef66946068415daaf1178cd189f6c18?s=96&d=mm&r=g","contentUrl":"https:\/\/secure.gravatar.com\/avatar\/cef66946068415daaf1178cd189f6c18?s=96&d=mm&r=g","caption":"Admin"}}]}},"_links":{"self":[{"href":"https:\/\/www.tecsens.com\/de\/wp-json\/wp\/v2\/pages\/16462","targetHints":{"allow":["GET"]}}],"collection":[{"href":"https:\/\/www.tecsens.com\/de\/wp-json\/wp\/v2\/pages"}],"about":[{"href":"https:\/\/www.tecsens.com\/de\/wp-json\/wp\/v2\/types\/page"}],"author":[{"embeddable":true,"href":"https:\/\/www.tecsens.com\/de\/wp-json\/wp\/v2\/users\/2"}],"replies":[{"embeddable":true,"href":"https:\/\/www.tecsens.com\/de\/wp-json\/wp\/v2\/comments?post=16462"}],"version-history":[{"count":8,"href":"https:\/\/www.tecsens.com\/de\/wp-json\/wp\/v2\/pages\/16462\/revisions"}],"predecessor-version":[{"id":25309,"href":"https:\/\/www.tecsens.com\/de\/wp-json\/wp\/v2\/pages\/16462\/revisions\/25309"}],"wp:attachment":[{"href":"https:\/\/www.tecsens.com\/de\/wp-json\/wp\/v2\/media?parent=16462"}],"curies":[{"name":"wp","href":"https:\/\/api.w.org\/{rel}","templated":true}]}}