{"id":16169,"date":"2020-11-10T15:57:19","date_gmt":"2020-11-10T14:57:19","guid":{"rendered":"https:\/\/www.tecsens.com\/datenschutz\/"},"modified":"2026-02-11T15:45:09","modified_gmt":"2026-02-11T14:45:09","slug":"datenschutz","status":"publish","type":"page","link":"https:\/\/www.tecsens.com\/de\/datenschutz\/","title":{"rendered":"Datenschutz"},"content":{"rendered":"<p>[et_pb_section fb_built=&#8220;1&#8243; fullwidth=&#8220;on&#8220; admin_label=&#8220;01 Curva superior&#8220; _builder_version=&#8220;4.16&#8243; _module_preset=&#8220;default&#8220; background_color=&#8220;rgba(0,0,0,0)&#8220; background_image=&#8220;https:\/\/www.tecsens.com\/wp-content\/uploads\/2021\/02\/ondaazuloscura.png&#8220; background_size=&#8220;contain&#8220; background_position=&#8220;top_center&#8220; background_repeat=&#8220;repeat-x&#8220; min_height=&#8220;176px&#8220; custom_margin=&#8220;||||false|false&#8220; custom_css_main_element=&#8220;z-index:10;&#8220; global_colors_info=&#8220;{}&#8220;][\/et_pb_section][et_pb_section fb_built=&#8220;1&#8243; admin_label=&#8220;section&#8220; _builder_version=&#8220;4.16&#8243; global_colors_info=&#8220;{}&#8220;][et_pb_row admin_label=&#8220;row&#8220; _builder_version=&#8220;4.16&#8243; background_size=&#8220;initial&#8220; background_position=&#8220;top_left&#8220; background_repeat=&#8220;repeat&#8220; global_colors_info=&#8220;{}&#8220;][et_pb_column type=&#8220;4_4&#8243; _builder_version=&#8220;4.16&#8243; custom_padding=&#8220;|||&#8220; global_colors_info=&#8220;{}&#8220; custom_padding__hover=&#8220;|||&#8220;][et_pb_text _builder_version=&#8220;4.16&#8243; _module_preset=&#8220;default&#8220; text_font=&#8220;Maven Pro||||||||&#8220; text_text_color=&#8220;#5f5e5d&#8220; text_font_size=&#8220;16px&#8220; text_line_height=&#8220;1.2em&#8220; header_2_font=&#8220;Raleway|700|||||||&#8220; header_2_text_align=&#8220;center&#8220; header_2_text_color=&#8220;#0C71C3&#8243; header_2_font_size=&#8220;30px&#8220; header_2_letter_spacing=&#8220;2px&#8220; text_orientation=&#8220;center&#8220; min_height=&#8220;7px&#8220; custom_margin=&#8220;5px||||false|false&#8220; custom_padding=&#8220;5px|||||&#8220; locked=&#8220;off&#8220; global_colors_info=&#8220;{}&#8220;]<\/p>\n<h2 style=\"text-align: center;\">Datenschutz<\/h2>\n<p style=\"text-align: center;\">\n<p>[\/et_pb_text][et_pb_text admin_label=&#8220;Text&#8220; _builder_version=&#8220;4.16&#8243; background_size=&#8220;initial&#8220; background_position=&#8220;top_left&#8220; background_repeat=&#8220;repeat&#8220; global_colors_info=&#8220;{}&#8220;]<\/p>\n<h3 id=\"Protecci\u00f3ndedatos-TecsensRGPD-Delegadodeprotecci\u00f3ndedatosdeACTIVOTI,S.L.\">Datenschutzbeauftragter von ACTIVO TI, S.L.<\/h3>\n<p>Zur Aus\u00fcbung des Rechts auf Zugang, Berichtigung, L\u00f6schung, Widerspruch, \u00dcbertragbarkeit und Einschr\u00e4nkung der Verarbeitung und f\u00fcr alle Fragen im Zusammenhang mit der Behandlung, die ACTIVO TI, S.L. mit den Daten macht, k\u00f6nnen sich interessierte Personen an den Datenschutzbeauftragten von ACTIVO TI, S.L., wenden:<\/p>\n<p>Die Kontaktdaten des Datenschutzbeauftragten lauten wie folgt:<\/p>\n<ul>\n<li><strong>E-Mail-Adresse:<\/strong> <a href=\"mailto:protecciondatos@tecsens.com\">protecciondatos@tecsens.com<\/a>\u00a0<\/li>\n<li><strong>Postanschrift: <\/strong>Paseo de las Delicias, 30 Planta 2\u00ba 28045 Madrid<\/li>\n<li><strong>Telefon:<\/strong> (+34) 917 914 400 \/ 935 455 600 (Montag bis Freitag, B\u00fcrozeiten)<\/li>\n<\/ul>\n<h4 id=\"Protecci\u00f3ndedatos-TecsensRGPD-Informaci\u00f3ndetalladadeprotecci\u00f3ndedatosparalosdiferentestratamientosdedatosrealizadosporACTIVOTI,S.L.\">Detaillierte Datenschutzinformationen f\u00fcr die unterschiedliche Datenverarbeitung durch ACTIVO TI, S.L.<\/h4>\n<p>Klicken Sie auf den entsprechenden Link, um die detaillierten Datenschutzinformationen anzuzeigen, die Sie anzeigen m\u00f6chten:<\/p>\n<ul>\n<li><a href=\"#informacion-proteccion-datos-contacto-web\">Kontakt-Formular <\/a><\/li>\n<li><a href=\"#informacion-proteccion-datos-trabajar-con-nosotros\">Kandidatenformular<\/a><\/li>\n<\/ul>\n<h3 id=\"informacion-proteccion-datos-contacto-web\">Detaillierte Informationen zum Datenschutz zur Verarbeitung von Daten von Personen, die uns \u00fcber die Website kontaktieren<\/h3>\n<h4 id=\"Protecci\u00f3ndedatos-TecsensRGPD-\u00bfQui\u00e9neselResponsabledeltratamientodesusdatos?\">Wer ist f\u00fcr die Verarbeitung Ihrer Daten verantwortlich?<\/h4>\n<p>Identit\u00e4t: ACTIVO TI, S.L. \u2013 CIF: B64638364<br \/>Regie: Postanschrift: Paseo de las Delicias, 30 Planta 2\u00ba 28045 Madrid. Telefon: 917 914 400 \/ 935 455 600<br \/>E-Mail: <a class=\"external-link\" href=\"mailto:info@tecsens.com\" rel=\"nofollow\">info@tecsens.com<\/a><br \/>Datenschutzbeauftragter: <a class=\"external-link\" href=\"mailto:protecciondatos@tecsens.com\" rel=\"nofollow\">protecciondatos@tecsens.com<\/a><\/p>\n<h4 id=\"Protecci\u00f3ndedatos-TecsensRGPD-\u00bfConqu\u00e9finalidadtratamossusdatospersonales?\">Zu welchem Zweck verarbeiten wir Ihre personenbezogenen Daten?<\/h4>\n<p>Zweck der Verarbeitung ist es, auf Auskunftsersuchen zu reagieren, die \u00fcber das Kontaktformular der Website eingehen.<\/p>\n<h4 id=\"Protecci\u00f3ndedatos-TecsensRGPD-\u00bfPorcu\u00e1ntotiempoconservaremossusdatos?\">Wie lange werden wir Ihre Daten aufbewahren?<\/h4>\n<p>Die zur Verf\u00fcgung gestellten Daten werden so lange aufbewahrt, wie die betroffene Person das Recht auf L\u00f6schung nicht aus\u00fcbt.<\/p>\n<h4><strong>Was ist die Legitimation f\u00fcr die Verarbeitung Ihrer Daten?<\/strong><\/h4>\n<p>Rechtsgrundlage f\u00fcr die Verarbeitung von Daten ist die Einwilligung der betroffenen Person.<\/p>\n<p>Das prospektive Angebot von Produkten und Dienstleistungen basiert auf der erbetenen Zustimmung, ohne dass in jedem Fall der Widerruf dieser Zustimmung die Erbringung der angeforderten Dienstleistung bedingt.<\/p>\n<h4><strong>An welche Empf\u00e4nger werden Ihre Daten \u00fcbermittelt?<\/strong><\/h4>\n<p>F\u00fcr die Einreichung von kommerziellen Informationen oder Newslettern k\u00f6nnen wir das HubSpot-Tool verwenden, dieses Tool geh\u00f6rt der US-firma HubSpot, Inc. dem Abkommen eu-US-Datenschutzschild unterliegt: <a class=\"external-link\" href=\"https:\/\/www.privacyshield.gov\/participant?id=a2zt0000000TN8pAAG&amp;status=Active\" rel=\"nofollow\">https:\/\/www.privacyshield.gov\/participant?id=a2zt0000000TN8pAAG&amp;status=Active<\/a><\/p>\n<p>Andere Daten\u00fcbermittlungen werden dritten Dritten nicht zur Verf\u00fcgung gestellt, es sei denn, es besteht eine gesetzliche Verpflichtung.<\/p>\n<h4><strong>Welche Rechte haben Sie, wenn Sie uns Ihre Daten zur Verf\u00fcgung stellen?<\/strong><\/h4>\n<p>Jeder hat das Recht, eine Best\u00e4tigung dar\u00fcber zu erhalten, ob ACTIVE TI, S.L. personenbezogene Daten verarbeitet, die sie betreffen.<\/p>\n<p>Interessierte Personen haben das Recht auf Zugang zu ihren personenbezogenen Daten sowie auf Berichtigung unrichtiger Daten oder gegebenenfalls auf L\u00f6schung, wenn die Daten unter anderem f\u00fcr die erhobenen Zwecke nicht mehr erforderlich sind.<\/p>\n<p>Unter bestimmten Umst\u00e4nden k\u00f6nnen betroffene Personen die Einschr\u00e4nkung der Verarbeitung ihrer Daten verlangen, in diesem Fall werden wir sie nur zur Aus\u00fcbung oder Verteidigung von Anspr\u00fcchen aufbewahren.<\/p>\n<p>Unter bestimmten Umst\u00e4nden und aus Gr\u00fcnden, die mit ihrer besonderen Situation zusammenh\u00e4ngen, k\u00f6nnen interessierte Parteien der Verarbeitung ihrer Daten widersprechen. ACTIVE TI, S.L. wird die Verarbeitung der Daten einstellen, au\u00dfer aus zwingenden berechtigten Gr\u00fcnden oder zur Aus\u00fcbung oder Verteidigung m\u00f6glicher Anspr\u00fcche.<\/p>\n<p>Im Rahmen des Rechts auf \u00dcbertragbarkeit haben betroffene Personen das Recht, die sie betreffenden personenbezogenen Daten in einem strukturierten Format der allgemeinen Verwendung und des mechanischen Lesens zu erhalten und an einen anderen f\u00fcr die Verarbeitung Verantwortlichen zu \u00fcbermitteln.<\/p>\n<h4><strong>Wie k\u00f6nnen Rechte ausge\u00fcbt werden?<\/strong><\/h4>\n<p>Mittels eines Briefes unter Beif\u00fcgung einer Fotokopie des DNI oder eines gleichwertigen Ausweises, adressiert an ACTIVO TI, S.L., Paseo de las Delicias, 30 Planta 2\u00ba 28045 Madrid.<\/p>\n<h4><strong>Welche Beschwerdem\u00f6glichkeiten gibt es?<\/strong><\/h4>\n<p>Wenn Sie der Meinung sind, dass Ihre Rechte nicht ordnungsgem\u00e4\u00df behandelt wurden, haben Sie das Recht, eine Beschwerde bei der spanischen Datenschutzbeh\u00f6rde einzureichen.<\/p>\n<h3><\/h3>\n<h3><\/h3>\n<h3><\/h3>\n<h3><\/h3>\n<h3><\/h3>\n<h3 id=\"informacion-proteccion-datos-trabajar-con-nosotros\">Detaillierte Informationen zum Datenschutz bez\u00fcglich der Verarbeitung von Daten von Personen, die Ihren Lebenslauf zur Verf\u00fcgung stellen, um mit uns zuarbeiten<\/h3>\n<p>&nbsp;<\/p>\n<h4><strong>Wer ist f\u00fcr die Verarbeitung Ihrer Daten verantwortlich?<\/strong><\/h4>\n<p>Identit\u00e4t: ACTIVO TI, S.L. \u2013 CIF: B64638364<br \/>Regie: Postanschrift: Paseo de las Delicias, 30 Planta 2\u00ba 28045 Madrid. Telefon: 917 914 400 \/ 935 455 600<br \/>E-Mail: <a class=\"external-link\" href=\"mailto:info@tecsens.com\" rel=\"nofollow\">info@tecsens.com<\/a><br \/>Datenschutzbeauftragter: <a class=\"external-link\" href=\"mailto:protecciondatos@tecsens.com\" rel=\"nofollow\">protecciondatos@tecsens.com<\/a><\/p>\n<h4><strong>Zu welchem Zweck verarbeiten wir Ihre personenbezogenen Daten?<\/strong><\/h4>\n<p>Bei ACTIVO TI, S.L. verarbeiten wir die informationen, die uns von Bewerbern zur Verf\u00fcgung gestellt werden, um sie \u00fcber die verschiedenen stellenden Stellen in<\/p>\n<p>sowie sie in Auswahlverfahren einzubeziehen, die durchgef\u00fchrt werden, um diese offenen Stellen zu besetzen.<\/p>\n<h4><strong>Wie lange werden wir Ihre Daten aufbewahren?<\/strong><\/h4>\n<p>Die zur Verf\u00fcgung gestellten Daten werden f\u00fcr h\u00f6chstens zwei Jahre aufbewahrt.<\/p>\n<h4><strong>Was ist die Legitimation f\u00fcr die Verarbeitung Ihrer Daten?<\/strong><\/h4>\n<p>Rechtsgrundlage f\u00fcr die Verarbeitung Ihrer Daten ist die Einwilligung der betroffenen Person.<\/p>\n<h4><strong>An welche Empf\u00e4nger werden Ihre Daten \u00fcbermittelt?<\/strong><\/h4>\n<p>Es werden keine Daten\u00fcbermittlungen an Dritte bereitgestellt, es sei denn, es besteht eine gesetzliche Verpflichtung.<\/p>\n<h4><strong>Welche Rechte haben Sie, wenn Sie uns Ihre Daten zur Verf\u00fcgung stellen?<\/strong><\/h4>\n<p>Jeder hat das Recht, eine Best\u00e4tigung dar\u00fcber zu erhalten, ob ACTIVE TI, S.L. personenbezogene Daten verarbeitet, die sie betreffen.<\/p>\n<p>Interessierte Personen haben das Recht auf Zugang zu ihren personenbezogenen Daten sowie auf Berichtigung unrichtiger Daten oder gegebenenfalls auf L\u00f6schung, wenn die Daten unter anderem f\u00fcr die Zwecke, f\u00fcr die sie erhoben wurden, nicht mehr ben\u00f6tigt werden.<\/p>\n<p>Unter bestimmten Umst\u00e4nden k\u00f6nnen betroffene Personen die Einschr\u00e4nkung der Verarbeitung ihrer Daten verlangen, in diesem Fall werden wir sie nur zur Aus\u00fcbung oder Verteidigung von Anspr\u00fcchen aufbewahren.<\/p>\n<p>Unter bestimmten Umst\u00e4nden und aus Gr\u00fcnden, die mit ihrer besonderen Situation zusammenh\u00e4ngen, k\u00f6nnen interessierte Parteien der Verarbeitung ihrer Daten widersprechen. ACTIVE TI, S.L. wird die Verarbeitung der Daten einstellen, au\u00dfer aus zwingenden berechtigten Gr\u00fcnden oder zur Aus\u00fcbung oder Verteidigung m\u00f6glicher Anspr\u00fcche.<\/p>\n<p>Im Rahmen des Rechts auf \u00dcbertragbarkeit haben betroffene Personen das Recht, die sie betreffenden personenbezogenen Daten in einem strukturierten Format der allgemeinen Verwendung und des mechanischen Lesens zu erhalten und an einen anderen f\u00fcr die Verarbeitung Verantwortlichen zu \u00fcbermitteln.<\/p>\n<h4><strong>Wie k\u00f6nnen Rechte ausge\u00fcbt werden?<\/strong><\/h4>\n<p>Mittels eines Briefes unter Beif\u00fcgung einer Fotokopie des DNI oder eines gleichwertigen Ausweises, adressiert an ACTIVO TI, S.L., Paseo de las Delicias, 30 Planta 2\u00ba 28045 Madrid.<\/p>\n<h4><strong>Welche Beschwerdem\u00f6glichkeiten gibt es?<\/strong><\/h4>\n<p>Wenn Sie der Meinung sind, dass Ihre Rechte nicht ordnungsgem\u00e4\u00df behandelt wurden, haben Sie das Recht, eine Beschwerde bei der spanischen Datenschutzbeh\u00f6rde einzureichen.<\/p>\n<p>[\/et_pb_text][\/et_pb_column][\/et_pb_row][\/et_pb_section]<\/p>\n","protected":false},"excerpt":{"rendered":"<p>Datenschutz Datenschutzbeauftragter von ACTIVO TI, S.L. Zur Aus\u00fcbung des Rechts auf Zugang, Berichtigung, L\u00f6schung, Widerspruch, \u00dcbertragbarkeit und Einschr\u00e4nkung der Verarbeitung und f\u00fcr alle Fragen im Zusammenhang mit der Behandlung, die ACTIVO TI, S.L. mit den Daten macht, k\u00f6nnen sich interessierte Personen an den Datenschutzbeauftragten von ACTIVO TI, S.L., wenden: Die Kontaktdaten des Datenschutzbeauftragten lauten wie [&hellip;]<\/p>\n","protected":false},"author":2,"featured_media":0,"parent":0,"menu_order":133,"comment_status":"closed","ping_status":"closed","template":"","meta":{"_et_pb_use_builder":"on","_et_pb_old_content":"","_et_gb_content_width":"","footnotes":""},"class_list":["post-16169","page","type-page","status-publish","hentry"],"yoast_head":"<!-- This site is optimized with the Yoast SEO plugin v26.8 - https:\/\/yoast.com\/product\/yoast-seo-wordpress\/ -->\n<title>Datenschutz - Tecsens<\/title>\n<meta name=\"description\" content=\"Datenschutz - Empowering companies\" \/>\n<meta name=\"robots\" content=\"noindex, follow\" \/>\n<meta property=\"og:locale\" content=\"de_DE\" \/>\n<meta property=\"og:type\" content=\"article\" \/>\n<meta property=\"og:title\" content=\"Datenschutz - Tecsens\" \/>\n<meta property=\"og:description\" content=\"Datenschutz - Empowering companies\" \/>\n<meta property=\"og:url\" content=\"https:\/\/www.tecsens.com\/de\/datenschutz\/\" \/>\n<meta property=\"og:site_name\" content=\"Tecsens\" \/>\n<meta property=\"article:modified_time\" content=\"2026-02-11T14:45:09+00:00\" \/>\n<meta property=\"og:image\" content=\"https:\/\/www.tecsens.com\/wp-content\/uploads\/2025\/10\/logo_Tecsens_baseline_V_negativo.png\" \/>\n\t<meta property=\"og:image:width\" content=\"2560\" \/>\n\t<meta property=\"og:image:height\" content=\"1566\" \/>\n\t<meta property=\"og:image:type\" content=\"image\/png\" \/>\n<meta name=\"twitter:card\" content=\"summary_large_image\" \/>\n<meta name=\"twitter:label1\" content=\"Gesch\u00e4tzte Lesezeit\" \/>\n\t<meta name=\"twitter:data1\" content=\"6\u00a0Minuten\" \/>\n<script type=\"application\/ld+json\" class=\"yoast-schema-graph\">{\"@context\":\"https:\/\/schema.org\",\"@graph\":[{\"@type\":[\"Article\",\"BlogPosting\"],\"@id\":\"https:\/\/www.tecsens.com\/de\/datenschutz\/#article\",\"isPartOf\":{\"@id\":\"https:\/\/www.tecsens.com\/de\/datenschutz\/\"},\"author\":{\"name\":\"Admin\",\"@id\":\"https:\/\/www.tecsens.com\/#\/schema\/person\/1f72960a60140421bab7c0c55b923859\"},\"headline\":\"Datenschutz\",\"datePublished\":\"2020-11-10T14:57:19+00:00\",\"dateModified\":\"2026-02-11T14:45:09+00:00\",\"mainEntityOfPage\":{\"@id\":\"https:\/\/www.tecsens.com\/de\/datenschutz\/\"},\"wordCount\":1229,\"publisher\":{\"@id\":\"https:\/\/www.tecsens.com\/#organization\"},\"inLanguage\":\"de\"},{\"@type\":\"WebPage\",\"@id\":\"https:\/\/www.tecsens.com\/de\/datenschutz\/\",\"url\":\"https:\/\/www.tecsens.com\/de\/datenschutz\/\",\"name\":\"Datenschutz - Tecsens\",\"isPartOf\":{\"@id\":\"https:\/\/www.tecsens.com\/#website\"},\"datePublished\":\"2020-11-10T14:57:19+00:00\",\"dateModified\":\"2026-02-11T14:45:09+00:00\",\"description\":\"Datenschutz - Empowering companies\",\"breadcrumb\":{\"@id\":\"https:\/\/www.tecsens.com\/de\/datenschutz\/#breadcrumb\"},\"inLanguage\":\"de\",\"potentialAction\":[{\"@type\":\"ReadAction\",\"target\":[\"https:\/\/www.tecsens.com\/de\/datenschutz\/\"]}]},{\"@type\":\"BreadcrumbList\",\"@id\":\"https:\/\/www.tecsens.com\/de\/datenschutz\/#breadcrumb\",\"itemListElement\":[{\"@type\":\"ListItem\",\"position\":1,\"name\":\"Portada\",\"item\":\"https:\/\/www.tecsens.com\/de\/\"},{\"@type\":\"ListItem\",\"position\":2,\"name\":\"Datenschutz\"}]},{\"@type\":\"WebSite\",\"@id\":\"https:\/\/www.tecsens.com\/#website\",\"url\":\"https:\/\/www.tecsens.com\/\",\"name\":\"TECSENS - Empowering companies\",\"description\":\"Sense &amp; Technology\",\"publisher\":{\"@id\":\"https:\/\/www.tecsens.com\/#organization\"},\"potentialAction\":[{\"@type\":\"SearchAction\",\"target\":{\"@type\":\"EntryPoint\",\"urlTemplate\":\"https:\/\/www.tecsens.com\/?s={search_term_string}\"},\"query-input\":{\"@type\":\"PropertyValueSpecification\",\"valueRequired\":true,\"valueName\":\"search_term_string\"}}],\"inLanguage\":\"de\"},{\"@type\":\"Organization\",\"@id\":\"https:\/\/www.tecsens.com\/#organization\",\"name\":\"TECSENS\",\"url\":\"https:\/\/www.tecsens.com\/\",\"logo\":{\"@type\":\"ImageObject\",\"inLanguage\":\"de\",\"@id\":\"https:\/\/www.tecsens.com\/#\/schema\/logo\/image\/\",\"url\":\"https:\/\/www.tecsens.com\/wp-content\/uploads\/2017\/02\/logo@2x.png\",\"contentUrl\":\"https:\/\/www.tecsens.com\/wp-content\/uploads\/2017\/02\/logo@2x.png\",\"width\":411,\"height\":85,\"caption\":\"TECSENS\"},\"image\":{\"@id\":\"https:\/\/www.tecsens.com\/#\/schema\/logo\/image\/\"},\"sameAs\":[\"https:\/\/www.linkedin.com\/company\/tecsens\/\"]},{\"@type\":\"Person\",\"@id\":\"https:\/\/www.tecsens.com\/#\/schema\/person\/1f72960a60140421bab7c0c55b923859\",\"name\":\"Admin\",\"image\":{\"@type\":\"ImageObject\",\"inLanguage\":\"de\",\"@id\":\"https:\/\/www.tecsens.com\/#\/schema\/person\/image\/\",\"url\":\"https:\/\/secure.gravatar.com\/avatar\/cef66946068415daaf1178cd189f6c18?s=96&d=mm&r=g\",\"contentUrl\":\"https:\/\/secure.gravatar.com\/avatar\/cef66946068415daaf1178cd189f6c18?s=96&d=mm&r=g\",\"caption\":\"Admin\"}}]}<\/script>\n<!-- \/ Yoast SEO plugin. -->","yoast_head_json":{"title":"Datenschutz - Tecsens","description":"Datenschutz - Empowering companies","robots":{"index":"noindex","follow":"follow"},"og_locale":"de_DE","og_type":"article","og_title":"Datenschutz - Tecsens","og_description":"Datenschutz - Empowering companies","og_url":"https:\/\/www.tecsens.com\/de\/datenschutz\/","og_site_name":"Tecsens","article_modified_time":"2026-02-11T14:45:09+00:00","og_image":[{"width":2560,"height":1566,"url":"https:\/\/www.tecsens.com\/wp-content\/uploads\/2025\/10\/logo_Tecsens_baseline_V_negativo.png","type":"image\/png"}],"twitter_card":"summary_large_image","twitter_misc":{"Gesch\u00e4tzte Lesezeit":"6\u00a0Minuten"},"schema":{"@context":"https:\/\/schema.org","@graph":[{"@type":["Article","BlogPosting"],"@id":"https:\/\/www.tecsens.com\/de\/datenschutz\/#article","isPartOf":{"@id":"https:\/\/www.tecsens.com\/de\/datenschutz\/"},"author":{"name":"Admin","@id":"https:\/\/www.tecsens.com\/#\/schema\/person\/1f72960a60140421bab7c0c55b923859"},"headline":"Datenschutz","datePublished":"2020-11-10T14:57:19+00:00","dateModified":"2026-02-11T14:45:09+00:00","mainEntityOfPage":{"@id":"https:\/\/www.tecsens.com\/de\/datenschutz\/"},"wordCount":1229,"publisher":{"@id":"https:\/\/www.tecsens.com\/#organization"},"inLanguage":"de"},{"@type":"WebPage","@id":"https:\/\/www.tecsens.com\/de\/datenschutz\/","url":"https:\/\/www.tecsens.com\/de\/datenschutz\/","name":"Datenschutz - Tecsens","isPartOf":{"@id":"https:\/\/www.tecsens.com\/#website"},"datePublished":"2020-11-10T14:57:19+00:00","dateModified":"2026-02-11T14:45:09+00:00","description":"Datenschutz - Empowering companies","breadcrumb":{"@id":"https:\/\/www.tecsens.com\/de\/datenschutz\/#breadcrumb"},"inLanguage":"de","potentialAction":[{"@type":"ReadAction","target":["https:\/\/www.tecsens.com\/de\/datenschutz\/"]}]},{"@type":"BreadcrumbList","@id":"https:\/\/www.tecsens.com\/de\/datenschutz\/#breadcrumb","itemListElement":[{"@type":"ListItem","position":1,"name":"Portada","item":"https:\/\/www.tecsens.com\/de\/"},{"@type":"ListItem","position":2,"name":"Datenschutz"}]},{"@type":"WebSite","@id":"https:\/\/www.tecsens.com\/#website","url":"https:\/\/www.tecsens.com\/","name":"TECSENS - Empowering companies","description":"Sense &amp; Technology","publisher":{"@id":"https:\/\/www.tecsens.com\/#organization"},"potentialAction":[{"@type":"SearchAction","target":{"@type":"EntryPoint","urlTemplate":"https:\/\/www.tecsens.com\/?s={search_term_string}"},"query-input":{"@type":"PropertyValueSpecification","valueRequired":true,"valueName":"search_term_string"}}],"inLanguage":"de"},{"@type":"Organization","@id":"https:\/\/www.tecsens.com\/#organization","name":"TECSENS","url":"https:\/\/www.tecsens.com\/","logo":{"@type":"ImageObject","inLanguage":"de","@id":"https:\/\/www.tecsens.com\/#\/schema\/logo\/image\/","url":"https:\/\/www.tecsens.com\/wp-content\/uploads\/2017\/02\/logo@2x.png","contentUrl":"https:\/\/www.tecsens.com\/wp-content\/uploads\/2017\/02\/logo@2x.png","width":411,"height":85,"caption":"TECSENS"},"image":{"@id":"https:\/\/www.tecsens.com\/#\/schema\/logo\/image\/"},"sameAs":["https:\/\/www.linkedin.com\/company\/tecsens\/"]},{"@type":"Person","@id":"https:\/\/www.tecsens.com\/#\/schema\/person\/1f72960a60140421bab7c0c55b923859","name":"Admin","image":{"@type":"ImageObject","inLanguage":"de","@id":"https:\/\/www.tecsens.com\/#\/schema\/person\/image\/","url":"https:\/\/secure.gravatar.com\/avatar\/cef66946068415daaf1178cd189f6c18?s=96&d=mm&r=g","contentUrl":"https:\/\/secure.gravatar.com\/avatar\/cef66946068415daaf1178cd189f6c18?s=96&d=mm&r=g","caption":"Admin"}}]}},"_links":{"self":[{"href":"https:\/\/www.tecsens.com\/de\/wp-json\/wp\/v2\/pages\/16169","targetHints":{"allow":["GET"]}}],"collection":[{"href":"https:\/\/www.tecsens.com\/de\/wp-json\/wp\/v2\/pages"}],"about":[{"href":"https:\/\/www.tecsens.com\/de\/wp-json\/wp\/v2\/types\/page"}],"author":[{"embeddable":true,"href":"https:\/\/www.tecsens.com\/de\/wp-json\/wp\/v2\/users\/2"}],"replies":[{"embeddable":true,"href":"https:\/\/www.tecsens.com\/de\/wp-json\/wp\/v2\/comments?post=16169"}],"version-history":[{"count":9,"href":"https:\/\/www.tecsens.com\/de\/wp-json\/wp\/v2\/pages\/16169\/revisions"}],"predecessor-version":[{"id":52788,"href":"https:\/\/www.tecsens.com\/de\/wp-json\/wp\/v2\/pages\/16169\/revisions\/52788"}],"wp:attachment":[{"href":"https:\/\/www.tecsens.com\/de\/wp-json\/wp\/v2\/media?parent=16169"}],"curies":[{"name":"wp","href":"https:\/\/api.w.org\/{rel}","templated":true}]}}