{"id":3818,"date":"2017-02-09T19:28:16","date_gmt":"2017-02-09T18:28:16","guid":{"rendered":"https:\/\/www.tecsens.com\/politica-de-cookies\/"},"modified":"2021-05-11T17:44:47","modified_gmt":"2021-05-11T15:44:47","slug":"politica-de-galetes","status":"publish","type":"page","link":"https:\/\/www.tecsens.com\/ca\/politica-de-galetes\/","title":{"rendered":"Pol\u00edtica de cookies"},"content":{"rendered":"[et_pb_section fb_built=&#8221;1&#8243; fullwidth=&#8221;on&#8221; admin_label=&#8221;01 Curva superior&#8221; _builder_version=&#8221;4.9.0&#8243; _module_preset=&#8221;default&#8221; background_color=&#8221;rgba(0,0,0,0)&#8221; background_image=&#8221;https:\/\/www.tecsens.com\/wp-content\/uploads\/2021\/02\/ondaazuloscura.png&#8221; background_size=&#8221;contain&#8221; background_position=&#8221;top_center&#8221; background_repeat=&#8221;repeat-x&#8221; min_height=&#8221;176px&#8221; custom_margin=&#8221;||||false|false&#8221; custom_css_main_element=&#8221;z-index:10;&#8221;][\/et_pb_section][et_pb_section fb_built=&#8221;1&#8243; admin_label=&#8221;section&#8221; _builder_version=&#8221;3.22&#8243;][et_pb_row admin_label=&#8221;row&#8221; _builder_version=&#8221;3.25&#8243; background_size=&#8221;initial&#8221; background_position=&#8221;top_left&#8221; background_repeat=&#8221;repeat&#8221;][et_pb_column type=&#8221;4_4&#8243; _builder_version=&#8221;3.25&#8243; custom_padding=&#8221;|||&#8221; custom_padding__hover=&#8221;|||&#8221;][et_pb_text _builder_version=&#8221;4.9.4&#8243; _module_preset=&#8221;default&#8221; text_font=&#8221;Maven Pro||||||||&#8221; text_text_color=&#8221;#5f5e5d&#8221; text_font_size=&#8221;16px&#8221; text_line_height=&#8221;1.2em&#8221; header_2_font=&#8221;Raleway|700|||||||&#8221; header_2_text_align=&#8221;center&#8221; header_2_text_color=&#8221;#0C71C3&#8243; header_2_font_size=&#8221;30px&#8221; header_2_letter_spacing=&#8221;2px&#8221; text_orientation=&#8221;center&#8221; min_height=&#8221;7px&#8221; custom_margin=&#8221;5px||||false|false&#8221; custom_padding=&#8221;5px|||||&#8221; hover_enabled=&#8221;0&#8243; locked=&#8221;off&#8221; sticky_enabled=&#8221;0&#8243;]<h2 style=\"text-align: center;\">Pol\u00edtica de cookies<\/h2>\n<p style=\"text-align: center;\"><\/p>[\/et_pb_text][et_pb_text admin_label=&#8221;Text&#8221; _builder_version=&#8221;4.9.1&#8243; background_size=&#8221;initial&#8221; background_position=&#8221;top_left&#8221; background_repeat=&#8221;repeat&#8221; hover_enabled=&#8221;0&#8243; sticky_enabled=&#8221;0&#8243;]<h3>Qu\u00e9 son las cookies y para qu\u00e9 se utilizan<\/h3>\n<p>La paraula cookies \u00e9s el terme angl\u00e8s que s&#8217;utilitza per denominar petits fitxers de text que es descarreguen en el navegador d&#8217;l&#8217;equip (ordinador, tel\u00e8fon m\u00f2bil, tablet, etc.) d&#8217;un usuari a l&#8217;navegar en un lloc web, aplicaci\u00f3 o plataforma inform\u00e0tica.<\/p>\n<p>Les cookies aporten grans avantatges en la prestaci\u00f3 de serveis de la societat de la informaci\u00f3, ja que faciliten i agilitzen la navegaci\u00f3 per internet i tamb\u00e9 ens ajuden a millorar la qualitat dels serveis que oferim als nostres usuaris. Les cookies, entre altres coses, permeten emmagatzemar i recuperar informaci\u00f3 sobre els h\u00e0bits de navegaci\u00f3 d&#8217;un usuari o del seu equip, el que ens serveix per con\u00e8ixer quines p\u00e0gines o utilitats d&#8217;un lloc web, aplicaci\u00f3 o plataforma s\u00f3n m\u00e9s \u00fatils i quins no, a l&#8217;efecte de millorar-les i, depenent de la informaci\u00f3 que continguin i de la forma en qu\u00e8 utilitzi el seu equip, tamb\u00e9 poden utilitzar-se per recon\u00e8ixer a l&#8217;usuari.<\/p>\n<h3> <\/h3>\n<h3>Tipus de cookies que utilitzem en aquest lloc web<\/h3>\n<p><u>Segons l&#8217;entitat que les gestiona<\/u><\/p>\n<ul>\n<li>Cookies pr\u00f2pies: Les que enviem a l&#8217;equip de l&#8217;usuari des d&#8217;un equip o domini gestionat per TECSENS i des del qual es presta el servei sol\u00b7licitat per l&#8217;usuari.<\/li>\n<li>Cookies de tercers: Les que s&#8217;envien a l&#8217;equip de l&#8217;usuari des d&#8217;un equip o domini que no \u00e9s gestionat per TECSENS, sin\u00f3 per tercers.<\/li>\n<\/ul>\n<p><u>Segons el termini de temps que romanen actives<\/u><\/p>\n<ul>\n<li>Cookies de sessi\u00f3: S\u00f3n temporals i romanen en el navegador d&#8217;l&#8217;equip de l&#8217;usuari fins que aquest abandona el lloc web, aplicaci\u00f3 o plataforma. Aquests cookies permeten facilitar i agilitzar la navegaci\u00f3.<\/li>\n<li>Cookies persistents: S\u00f3n aquelles en qu\u00e8 la informaci\u00f3 s&#8217;emmagatzema en l&#8217;equip de l&#8217;usuari i es pot accedir a ella durant un per\u00edode de temps establert pel responsable de la cookie, el qual pot ser d&#8217;uns minuts o anys.<\/li>\n<\/ul>\n<p><u>Segons la seva finalitat<\/u><\/p>\n<ul>\n<li>Cookies t\u00e8cniques: S\u00f3n les que permeten a l&#8217;usuari la navegaci\u00f3 a trav\u00e9s d&#8217;un lloc web, aplicaci\u00f3 o plataforma.<\/li>\n<li>Cookies de personalitzaci\u00f3: S\u00f3n les que permeten a l&#8217;usuari accedir a el servei amb algunes caracter\u00edstiques, de car\u00e0cter general, predefinides, com ara, l&#8217;idioma, el tipus de navegador d&#8217;acc\u00e9s, etc.<\/li>\n<li>Cookies d&#8217;an\u00e0lisi: S\u00f3n les que permeten quantificar el nombre d&#8217;usuaris i aix\u00ed realitzar mesuraments i an\u00e0lisis estad\u00edstiques de l&#8217;activitat dels llocs web, aplicacions o plataformes i elaborar perfils de navegaci\u00f3 dels usuaris, per tal d&#8217;introduir millores.<\/li>\n<\/ul>\n<h4> <\/h4>\n<h4>Cookies pr\u00f2pies<\/h4>\n<p>Les cookies pr\u00f2pies de TECSENS utilitzades en aquest lloc web s\u00f3n les seg\u00fcents:<\/p>\n<table>\n<tbody>\n<tr>\n<th style=\"text-align: center;\" width=\"25%\">Cookie<\/th>\n<th style=\"text-align: center;\">Finalitat<\/th>\n<\/tr>\n<tr>\n<td style=\"text-align: center;\">wp-wpml_current_language<\/td>\n<td style=\"text-align: center;\">Emmagatzema el valor d&#8217;idioma per al lloc web<\/td>\n<\/tr>\n<tr>\n<td style=\"text-align: center;\">catAccCookies<\/td>\n<td style=\"text-align: center;\">Controla l&#8217;acceptaci\u00f3 de l&#8217;av\u00eds de cookies<\/td>\n<\/tr>\n<\/tbody>\n<\/table>\n<h4> <\/h4>\n<h4>Cookies de tercers<\/h4>\n<p>Les cookies de tercers utilitzades en aquest lloc web s\u00f3n les seg\u00fcents:<\/p>\n<table>\n<tbody>\n<tr>\n<th style=\"text-align: center;\" width=\"25%\">Cookie<\/th>\n<th style=\"text-align: center;\" width=\"25%\">Emissor<\/th>\n<th style=\"text-align: center;\">Finalitat<\/th>\n<\/tr>\n<tr>\n<td style=\"text-align: center;\">_ga<\/td>\n<td style=\"text-align: center;\">Google Analytics<\/td>\n<td style=\"text-align: center;\">Distingir usuaris \u00fanics<\/td>\n<\/tr>\n<tr>\n<td style=\"text-align: center;\">_gat<\/td>\n<td style=\"text-align: center;\">Google Analytics<\/td>\n<td style=\"text-align: center;\">Saber la r\u00e0tio de rec\u00e0rrega<\/td>\n<\/tr>\n<tr>\n<td style=\"text-align: center;\">_gid<\/td>\n<td style=\"text-align: center;\">Google Analytics<\/td>\n<td style=\"text-align: center;\">distingir visites<\/td>\n<\/tr>\n<\/tbody>\n<\/table>\n<p>Aix\u00ed mateix, Google Analytics ha desenvolupat una eina que l&#8217;usuari podr\u00e0 instal\u00b7lar en el seu navegador en cas que no vulgui ser rastrejat pels seus cookies, eina que pot trobar <a href=\"https:\/\/tools.google.com\/dlpage\/gaoptout?hl=es\">aqu\u00ed<\/a>.<\/p>\n<h3> <\/h3>\n<h3>Eliminaci\u00f3 de cookies<\/h3>\n<p>Els usuaris poden restringir, bloquejar o eliminar les cookies instal\u00b7lades en el seu equip mitjan\u00e7ant la configuraci\u00f3 de les opcions de el navegador que tinguin en el vostre equip. En el cas que no permeti la instal\u00b7laci\u00f3 de cookies al seu navegador \u00e9s possible que no pugui accedir a alguna de les nostres seccions o utilitats i fins i tot que no pugui navegar.<\/p>\n<p>Si el seu equip utilitza el navegador Internet Explorer, pot obtenir informaci\u00f3 sobre com bloquejar o eliminar l&#8217;\u00fas de cookies a:<\/p>\n<p><a href=\"http:\/\/windows.microsoft.com\/es-es\/windows-vista\/block-or-allow-cookies\">http:\/\/windows.microsoft.com\/es-es\/windows-vista\/block-or-allow-cookies<\/a>.<\/p>\n<p>Si el seu equip utilitza el navegador Firefox, pot obtenir informaci\u00f3 sobre com bloquejar o eliminar l&#8217;\u00fas de cookies:<\/p>\n<p><a href=\"https:\/\/support.mozilla.org\/es\/kb\/habilitar-y-deshabilitar-cookies-que-los-sitios-we\">https:\/\/support.mozilla.org\/es\/kb\/habilitar-y-deshabilitar-cookies-que-los-sitios-we<\/a>.<\/p>\n<p>Si el seu equip utilitza el navegador Chrome, pot obtenir informaci\u00f3 sobre com bloquejar o eliminar l&#8217;\u00fas de cookies:<\/p>\n<p><a href=\"https:\/\/support.google.com\/chrome\/answer\/95647?hl=es\">https:\/\/support.google.com\/chrome\/answer\/95647?hl=es<\/a>.<\/p>\n<p>Si el seu equip utilitza el navegador Opera, pot obtenir informaci\u00f3 sobre com bloquejar o eliminar l&#8217;\u00fas de cookies:<\/p>\n<p><a href=\"http:\/\/help.opera.com\/Linux\/10.60\/es-ES\/cookies.html\">http:\/\/help.opera.com\/Linux\/10.60\/es-ES\/cookies.html<\/a>.<\/p>\n<p>Si el seu equip utilitza el navegador Safari, pot obtenir informaci\u00f3 sobre com bloquejar o eliminar l&#8217;\u00fas de cookies:<\/p>\n<p><a href=\"http:\/\/support.apple.com\/kb\/ph11913\">http:\/\/support.apple.com\/kb\/ph11913<\/a>.<\/p>\n<p>\n\n<p><\/p><\/p>[\/et_pb_text][\/et_pb_column][\/et_pb_row][\/et_pb_section]","protected":false},"excerpt":{"rendered":"<p>Pol\u00edtica de cookies Qu\u00e9 son las cookies y para qu\u00e9 se utilizan La paraula cookies \u00e9s el terme angl\u00e8s que s&#8217;utilitza per denominar petits fitxers de text que es descarreguen en el navegador d&#8217;l&#8217;equip (ordinador, tel\u00e8fon m\u00f2bil, tablet, etc.) d&#8217;un usuari a l&#8217;navegar en un lloc web, aplicaci\u00f3 o plataforma inform\u00e0tica. Les cookies aporten grans [&hellip;]<\/p>\n","protected":false},"author":2,"featured_media":0,"parent":0,"menu_order":135,"comment_status":"closed","ping_status":"closed","template":"","meta":{"_et_pb_use_builder":"on","_et_pb_old_content":"","_et_gb_content_width":"","footnotes":""},"class_list":["post-3818","page","type-page","status-publish","hentry"],"yoast_head":"<!-- This site is optimized with the Yoast SEO plugin v26.8 - https:\/\/yoast.com\/product\/yoast-seo-wordpress\/ -->\n<title>Pol\u00edtica de cookies - Tecsens<\/title>\n<meta name=\"description\" content=\"Pol\u00edtica de cookies - Empowering companies\" \/>\n<meta name=\"robots\" content=\"noindex, follow\" \/>\n<meta property=\"og:locale\" content=\"ca_ES\" \/>\n<meta property=\"og:type\" content=\"article\" \/>\n<meta property=\"og:title\" content=\"Pol\u00edtica de cookies - Tecsens\" \/>\n<meta property=\"og:description\" content=\"Pol\u00edtica de cookies - Empowering companies\" \/>\n<meta property=\"og:url\" content=\"https:\/\/www.tecsens.com\/ca\/politica-de-galetes\/\" \/>\n<meta property=\"og:site_name\" content=\"Tecsens\" \/>\n<meta property=\"article:modified_time\" content=\"2021-05-11T15:44:47+00:00\" \/>\n<meta property=\"og:image\" content=\"https:\/\/www.tecsens.com\/wp-content\/uploads\/2025\/10\/logo_Tecsens_baseline_V_negativo.png\" \/>\n\t<meta property=\"og:image:width\" content=\"2560\" \/>\n\t<meta property=\"og:image:height\" content=\"1566\" \/>\n\t<meta property=\"og:image:type\" content=\"image\/png\" \/>\n<meta name=\"twitter:card\" content=\"summary_large_image\" \/>\n<meta name=\"twitter:label1\" content=\"Est. reading time\" \/>\n\t<meta name=\"twitter:data1\" content=\"5 minutes\" \/>\n<script type=\"application\/ld+json\" class=\"yoast-schema-graph\">{\"@context\":\"https:\/\/schema.org\",\"@graph\":[{\"@type\":[\"Article\",\"BlogPosting\"],\"@id\":\"https:\/\/www.tecsens.com\/ca\/politica-de-galetes\/#article\",\"isPartOf\":{\"@id\":\"https:\/\/www.tecsens.com\/ca\/politica-de-galetes\/\"},\"author\":{\"name\":\"Admin\",\"@id\":\"https:\/\/www.tecsens.com\/#\/schema\/person\/1f72960a60140421bab7c0c55b923859\"},\"headline\":\"Pol\u00edtica de cookies\",\"datePublished\":\"2017-02-09T18:28:16+00:00\",\"dateModified\":\"2021-05-11T15:44:47+00:00\",\"mainEntityOfPage\":{\"@id\":\"https:\/\/www.tecsens.com\/ca\/politica-de-galetes\/\"},\"wordCount\":940,\"publisher\":{\"@id\":\"https:\/\/www.tecsens.com\/#organization\"},\"inLanguage\":\"ca-ES\"},{\"@type\":\"WebPage\",\"@id\":\"https:\/\/www.tecsens.com\/ca\/politica-de-galetes\/\",\"url\":\"https:\/\/www.tecsens.com\/ca\/politica-de-galetes\/\",\"name\":\"Pol\u00edtica de cookies - Tecsens\",\"isPartOf\":{\"@id\":\"https:\/\/www.tecsens.com\/#website\"},\"datePublished\":\"2017-02-09T18:28:16+00:00\",\"dateModified\":\"2021-05-11T15:44:47+00:00\",\"description\":\"Pol\u00edtica de cookies - Empowering companies\",\"breadcrumb\":{\"@id\":\"https:\/\/www.tecsens.com\/ca\/politica-de-galetes\/#breadcrumb\"},\"inLanguage\":\"ca-ES\",\"potentialAction\":[{\"@type\":\"ReadAction\",\"target\":[\"https:\/\/www.tecsens.com\/ca\/politica-de-galetes\/\"]}]},{\"@type\":\"BreadcrumbList\",\"@id\":\"https:\/\/www.tecsens.com\/ca\/politica-de-galetes\/#breadcrumb\",\"itemListElement\":[{\"@type\":\"ListItem\",\"position\":1,\"name\":\"Portada\",\"item\":\"https:\/\/www.tecsens.com\/ca\/\"},{\"@type\":\"ListItem\",\"position\":2,\"name\":\"Pol\u00edtica de cookies\"}]},{\"@type\":\"WebSite\",\"@id\":\"https:\/\/www.tecsens.com\/#website\",\"url\":\"https:\/\/www.tecsens.com\/\",\"name\":\"TECSENS - Empowering companies\",\"description\":\"Sense &amp; Technology\",\"publisher\":{\"@id\":\"https:\/\/www.tecsens.com\/#organization\"},\"potentialAction\":[{\"@type\":\"SearchAction\",\"target\":{\"@type\":\"EntryPoint\",\"urlTemplate\":\"https:\/\/www.tecsens.com\/?s={search_term_string}\"},\"query-input\":{\"@type\":\"PropertyValueSpecification\",\"valueRequired\":true,\"valueName\":\"search_term_string\"}}],\"inLanguage\":\"ca-ES\"},{\"@type\":\"Organization\",\"@id\":\"https:\/\/www.tecsens.com\/#organization\",\"name\":\"TECSENS\",\"url\":\"https:\/\/www.tecsens.com\/\",\"logo\":{\"@type\":\"ImageObject\",\"inLanguage\":\"ca-ES\",\"@id\":\"https:\/\/www.tecsens.com\/#\/schema\/logo\/image\/\",\"url\":\"https:\/\/www.tecsens.com\/wp-content\/uploads\/2017\/02\/logo@2x.png\",\"contentUrl\":\"https:\/\/www.tecsens.com\/wp-content\/uploads\/2017\/02\/logo@2x.png\",\"width\":411,\"height\":85,\"caption\":\"TECSENS\"},\"image\":{\"@id\":\"https:\/\/www.tecsens.com\/#\/schema\/logo\/image\/\"},\"sameAs\":[\"https:\/\/www.linkedin.com\/company\/tecsens\/\"]},{\"@type\":\"Person\",\"@id\":\"https:\/\/www.tecsens.com\/#\/schema\/person\/1f72960a60140421bab7c0c55b923859\",\"name\":\"Admin\",\"image\":{\"@type\":\"ImageObject\",\"inLanguage\":\"ca-ES\",\"@id\":\"https:\/\/www.tecsens.com\/#\/schema\/person\/image\/\",\"url\":\"https:\/\/secure.gravatar.com\/avatar\/cef66946068415daaf1178cd189f6c18?s=96&d=mm&r=g\",\"contentUrl\":\"https:\/\/secure.gravatar.com\/avatar\/cef66946068415daaf1178cd189f6c18?s=96&d=mm&r=g\",\"caption\":\"Admin\"}}]}<\/script>\n<!-- \/ Yoast SEO plugin. -->","yoast_head_json":{"title":"Pol\u00edtica de cookies - Tecsens","description":"Pol\u00edtica de cookies - Empowering companies","robots":{"index":"noindex","follow":"follow"},"og_locale":"ca_ES","og_type":"article","og_title":"Pol\u00edtica de cookies - Tecsens","og_description":"Pol\u00edtica de cookies - Empowering companies","og_url":"https:\/\/www.tecsens.com\/ca\/politica-de-galetes\/","og_site_name":"Tecsens","article_modified_time":"2021-05-11T15:44:47+00:00","og_image":[{"width":2560,"height":1566,"url":"https:\/\/www.tecsens.com\/wp-content\/uploads\/2025\/10\/logo_Tecsens_baseline_V_negativo.png","type":"image\/png"}],"twitter_card":"summary_large_image","twitter_misc":{"Est. reading time":"5 minutes"},"schema":{"@context":"https:\/\/schema.org","@graph":[{"@type":["Article","BlogPosting"],"@id":"https:\/\/www.tecsens.com\/ca\/politica-de-galetes\/#article","isPartOf":{"@id":"https:\/\/www.tecsens.com\/ca\/politica-de-galetes\/"},"author":{"name":"Admin","@id":"https:\/\/www.tecsens.com\/#\/schema\/person\/1f72960a60140421bab7c0c55b923859"},"headline":"Pol\u00edtica de cookies","datePublished":"2017-02-09T18:28:16+00:00","dateModified":"2021-05-11T15:44:47+00:00","mainEntityOfPage":{"@id":"https:\/\/www.tecsens.com\/ca\/politica-de-galetes\/"},"wordCount":940,"publisher":{"@id":"https:\/\/www.tecsens.com\/#organization"},"inLanguage":"ca-ES"},{"@type":"WebPage","@id":"https:\/\/www.tecsens.com\/ca\/politica-de-galetes\/","url":"https:\/\/www.tecsens.com\/ca\/politica-de-galetes\/","name":"Pol\u00edtica de cookies - Tecsens","isPartOf":{"@id":"https:\/\/www.tecsens.com\/#website"},"datePublished":"2017-02-09T18:28:16+00:00","dateModified":"2021-05-11T15:44:47+00:00","description":"Pol\u00edtica de cookies - Empowering companies","breadcrumb":{"@id":"https:\/\/www.tecsens.com\/ca\/politica-de-galetes\/#breadcrumb"},"inLanguage":"ca-ES","potentialAction":[{"@type":"ReadAction","target":["https:\/\/www.tecsens.com\/ca\/politica-de-galetes\/"]}]},{"@type":"BreadcrumbList","@id":"https:\/\/www.tecsens.com\/ca\/politica-de-galetes\/#breadcrumb","itemListElement":[{"@type":"ListItem","position":1,"name":"Portada","item":"https:\/\/www.tecsens.com\/ca\/"},{"@type":"ListItem","position":2,"name":"Pol\u00edtica de cookies"}]},{"@type":"WebSite","@id":"https:\/\/www.tecsens.com\/#website","url":"https:\/\/www.tecsens.com\/","name":"TECSENS - Empowering companies","description":"Sense &amp; Technology","publisher":{"@id":"https:\/\/www.tecsens.com\/#organization"},"potentialAction":[{"@type":"SearchAction","target":{"@type":"EntryPoint","urlTemplate":"https:\/\/www.tecsens.com\/?s={search_term_string}"},"query-input":{"@type":"PropertyValueSpecification","valueRequired":true,"valueName":"search_term_string"}}],"inLanguage":"ca-ES"},{"@type":"Organization","@id":"https:\/\/www.tecsens.com\/#organization","name":"TECSENS","url":"https:\/\/www.tecsens.com\/","logo":{"@type":"ImageObject","inLanguage":"ca-ES","@id":"https:\/\/www.tecsens.com\/#\/schema\/logo\/image\/","url":"https:\/\/www.tecsens.com\/wp-content\/uploads\/2017\/02\/logo@2x.png","contentUrl":"https:\/\/www.tecsens.com\/wp-content\/uploads\/2017\/02\/logo@2x.png","width":411,"height":85,"caption":"TECSENS"},"image":{"@id":"https:\/\/www.tecsens.com\/#\/schema\/logo\/image\/"},"sameAs":["https:\/\/www.linkedin.com\/company\/tecsens\/"]},{"@type":"Person","@id":"https:\/\/www.tecsens.com\/#\/schema\/person\/1f72960a60140421bab7c0c55b923859","name":"Admin","image":{"@type":"ImageObject","inLanguage":"ca-ES","@id":"https:\/\/www.tecsens.com\/#\/schema\/person\/image\/","url":"https:\/\/secure.gravatar.com\/avatar\/cef66946068415daaf1178cd189f6c18?s=96&d=mm&r=g","contentUrl":"https:\/\/secure.gravatar.com\/avatar\/cef66946068415daaf1178cd189f6c18?s=96&d=mm&r=g","caption":"Admin"}}]}},"_links":{"self":[{"href":"https:\/\/www.tecsens.com\/ca\/wp-json\/wp\/v2\/pages\/3818","targetHints":{"allow":["GET"]}}],"collection":[{"href":"https:\/\/www.tecsens.com\/ca\/wp-json\/wp\/v2\/pages"}],"about":[{"href":"https:\/\/www.tecsens.com\/ca\/wp-json\/wp\/v2\/types\/page"}],"author":[{"embeddable":true,"href":"https:\/\/www.tecsens.com\/ca\/wp-json\/wp\/v2\/users\/2"}],"replies":[{"embeddable":true,"href":"https:\/\/www.tecsens.com\/ca\/wp-json\/wp\/v2\/comments?post=3818"}],"version-history":[{"count":9,"href":"https:\/\/www.tecsens.com\/ca\/wp-json\/wp\/v2\/pages\/3818\/revisions"}],"predecessor-version":[{"id":25298,"href":"https:\/\/www.tecsens.com\/ca\/wp-json\/wp\/v2\/pages\/3818\/revisions\/25298"}],"wp:attachment":[{"href":"https:\/\/www.tecsens.com\/ca\/wp-json\/wp\/v2\/media?parent=3818"}],"curies":[{"name":"wp","href":"https:\/\/api.w.org\/{rel}","templated":true}]}}