{"id":14879,"date":"2020-07-01T10:57:19","date_gmt":"2020-07-01T08:57:19","guid":{"rendered":"https:\/\/www.tecsens.com\/?page_id=14879"},"modified":"2026-02-11T15:34:41","modified_gmt":"2026-02-11T14:34:41","slug":"proteccio-de-dades","status":"publish","type":"page","link":"https:\/\/www.tecsens.com\/ca\/proteccio-de-dades\/","title":{"rendered":"Protecci\u00f3 de dades"},"content":{"rendered":"<p>[et_pb_section fb_built=&#8221;1&#8243; fullwidth=&#8221;on&#8221; admin_label=&#8221;01 Curva superior&#8221; _builder_version=&#8221;4.16&#8243; _module_preset=&#8221;default&#8221; background_color=&#8221;rgba(0,0,0,0)&#8221; background_image=&#8221;https:\/\/www.tecsens.com\/wp-content\/uploads\/2021\/02\/ondaazuloscura.png&#8221; background_size=&#8221;contain&#8221; background_position=&#8221;top_center&#8221; background_repeat=&#8221;repeat-x&#8221; min_height=&#8221;176px&#8221; custom_margin=&#8221;||||false|false&#8221; custom_css_main_element=&#8221;z-index:10;&#8221; global_colors_info=&#8221;{}&#8221;][\/et_pb_section][et_pb_section fb_built=&#8221;1&#8243; admin_label=&#8221;section&#8221; _builder_version=&#8221;4.16&#8243; global_colors_info=&#8221;{}&#8221;][et_pb_row admin_label=&#8221;row&#8221; _builder_version=&#8221;4.16&#8243; background_size=&#8221;initial&#8221; background_position=&#8221;top_left&#8221; background_repeat=&#8221;repeat&#8221; global_colors_info=&#8221;{}&#8221;][et_pb_column type=&#8221;4_4&#8243; _builder_version=&#8221;4.16&#8243; custom_padding=&#8221;|||&#8221; global_colors_info=&#8221;{}&#8221; custom_padding__hover=&#8221;|||&#8221;][et_pb_text _builder_version=&#8221;4.16&#8243; _module_preset=&#8221;default&#8221; text_font=&#8221;Maven Pro||||||||&#8221; text_text_color=&#8221;#5f5e5d&#8221; text_font_size=&#8221;16px&#8221; text_line_height=&#8221;1.2em&#8221; header_2_font=&#8221;Raleway|700|||||||&#8221; header_2_text_align=&#8221;center&#8221; header_2_text_color=&#8221;#0C71C3&#8243; header_2_font_size=&#8221;30px&#8221; header_2_letter_spacing=&#8221;2px&#8221; text_orientation=&#8221;center&#8221; min_height=&#8221;7px&#8221; custom_margin=&#8221;5px||||false|false&#8221; custom_padding=&#8221;5px|||||&#8221; locked=&#8221;off&#8221; global_colors_info=&#8221;{}&#8221;]<\/p>\n<h2 style=\"text-align: center;\">Protecci\u00f3 de dades<\/h2>\n<p style=\"text-align: center;\">\n<p>[\/et_pb_text][et_pb_text admin_label=&#8221;Text&#8221; _builder_version=&#8221;4.16&#8243; background_size=&#8221;initial&#8221; background_position=&#8221;top_left&#8221; background_repeat=&#8221;repeat&#8221; global_colors_info=&#8221;{}&#8221;]<\/p>\n<h3 id=\"Protecci\u00f3ndedatos-TecsensRGPD-Delegadodeprotecci\u00f3ndedatosdeACTIVOTI,S.L.\">Delegat de protecci\u00f3 de dades de ACTIVO TI, S.L.<\/h3>\n<p>Per exercir els drets d&#8217;acc\u00e9s, rectificaci\u00f3, supressi\u00f3, oposici\u00f3, portabilitat i limitaci\u00f3 de el tractament, i per a qualsevol q\u00fcesti\u00f3 relacionada amb el tractament que ACTIVO TI, S.L. fa de les dades, les persones interessades es poden posar en contacte amb el delegat de Protecci\u00f3 de Dades de ACTIVO TI, S.L .:<\/p>\n<p>Les dades de contacte del Delegat de Protecci\u00f3 de Dades s\u00f3n els seg\u00fcents:<\/p>\n<ul>\n<li><strong>Adre\u00e7a electr\u00f2nica:<\/strong> <a href=\"https:\/\/www.tecsens.com\/aviso-legal\/\">protecciondatos@tecsens.com<\/a>\u00a0<\/li>\n<li><strong>Adre\u00e7a postal: <\/strong>Paseo de las Delicias, 30 Planta 2\u00ba 28045 Madrid<\/li>\n<li><strong>Tel\u00e8fon:<\/strong> (+34) 917 914 400\/935 455 600 (de dilluns a divendres, en horari d&#8217;oficines)<\/li>\n<\/ul>\n<h4 id=\"Protecci\u00f3ndedatos-TecsensRGPD-Informaci\u00f3ndetalladadeprotecci\u00f3ndedatosparalosdiferentestratamientosdedatosrealizadosporACTIVOTI,S.L.\">Informaci\u00f3 detallada de protecci\u00f3 de dades per als diferents tractaments de dades realitzats per ACTIVO TI, S.L.<\/h4>\n<p>Feu clic a l&#8217;enlla\u00e7 corresponent per veure la informaci\u00f3 detallada sobre protecci\u00f3 de dades que desitgi consultar:<\/p>\n<ul>\n<li><a href=\"https:\/\/www.tecsens.com\/aviso-legal\/\">Formulari de candidats <\/a><\/li>\n<li><a href=\"https:\/\/www.tecsens.com\/aviso-legal\/\">Formulari de candidats<\/a><\/li>\n<\/ul>\n<h3 id=\"informacion-proteccion-datos-contacto-web\">Informaci\u00f3 detallada sobre Protecci\u00f3 de Dades referent a el tractament de dades de persones que contacten amb nosaltres a trav\u00e9s del web<\/h3>\n<h4 id=\"Protecci\u00f3ndedatos-TecsensRGPD-\u00bfQui\u00e9neselResponsabledeltratamientodesusdatos?\">Qui \u00e9s el responsable de l&#8217;tractament de les seves dades?<\/h4>\n<p>Identitat: ACTIU TI, S.L. \u2013 CIF: B64638364<br \/>Dir. Postal: Paseo de las Delicias, 30 Planta 2\u00ba 28045 Madrid Tel\u00e8fon: 917 914 400 \/ 935 455 600<br \/>Correu electr\u00f2nic: <a class=\"external-link\" href=\"https:\/\/www.tecsens.com\/aviso-legal\/\" rel=\"nofollow\">info@tecsens.com<\/a><br \/>Delegat de protecci\u00f3 de dades: <a class=\"external-link\" href=\"https:\/\/www.tecsens.com\/aviso-legal\/\" rel=\"nofollow\">protecciondatos@tecsens.com<\/a><\/p>\n<h4 id=\"Protecci\u00f3ndedatos-TecsensRGPD-\u00bfConqu\u00e9finalidadtratamossusdatospersonales?\">Amb quina finalitat tractem les seves dades personals?<\/h4>\n<p>La finalitat de l&#8217;tractament \u00e9s atendre les sol\u00b7licituds d&#8217;informaci\u00f3 rebudes a trav\u00e9s del formulari de contacte de la p\u00e0gina web.<\/p>\n<h4 id=\"Protecci\u00f3ndedatos-TecsensRGPD-\u00bfPorcu\u00e1ntotiempoconservaremossusdatos?\">Per quant de temps conservarem les seves dades?<\/h4>\n<p>Les dades proporcionades es conservaran mentre l&#8217;interessat no exerceixi el dret de supressi\u00f3.<\/p>\n<h4><strong>Quina \u00e9s la legitimaci\u00f3 per al tractament de les seves dades?<\/strong><\/h4>\n<p>La base legal per al tractament de les dades \u00e9s el consentiment de la persona interessada.<\/p>\n<p>L&#8217;oferta prospectiva de productes i serveis est\u00e0 basada en el consentiment que se li sol\u00b7licita, sense que en cap cas la retirada d&#8217;aquest consentiment condicioni la prestaci\u00f3 de el servei sol\u00b7licitat.<\/p>\n<h4><strong>A qu\u00e8 destinataris es comunicaran les seves dades?<\/strong><\/h4>\n<p>Per a l&#8217;enviament d&#8217;informaci\u00f3 comercial o newsletters, podrem utilitzar l&#8217;eina Hubspot, dita eina pertany a l&#8217;empresa nord-americana Hubspot, Inc. la qual est\u00e0 acollida a l&#8217;acord \u201cEU-US Privacy Shield\u201d: <a class=\"external-link\" href=\"https:\/\/www.tecsens.com\/aviso-legal\/\" rel=\"nofollow\">https:\/\/www.privacyshield.gov\/participant?id=a2zt0000000TN8pAAG&amp;status=Active<\/a><\/p>\n<p>No es preveuen altres comunicacions de dades a tercers, excepte obligaci\u00f3 legal.<\/p>\n<h4><strong>Quins s\u00f3n els seus drets quan ens facilita les seves dades?<\/strong><\/h4>\n<p>Qualsevol persona t\u00e9 dret a obtenir confirmaci\u00f3 sobre si en ACTIVO TI, S.L. estem tractant dades personals que el concerneixen o no.<\/p>\n<p>Les persones interessades tenen dret a accedir a les seves dades personals, aix\u00ed com a sol\u00b7licitar la rectificaci\u00f3 de les dades inexactes o, si escau, sol\u00b7licitar la seva supressi\u00f3 quan, entre d&#8217;altres motius, les dades ja no siguin necessaris per als fins que van ser recollides.<\/p>\n<p>En determinades circumst\u00e0ncies, els interessats podran sol\u00b7licitar la limitaci\u00f3 de l&#8217;tractament de les seves dades, en aquest cas \u00fanicament els conservarem per a l&#8217;exercici o la defensa de reclamacions.<\/p>\n<p>En determinades circumst\u00e0ncies i per motius relacionats amb la seva situaci\u00f3 particular, els interessats podran oposar-se a el tractament de les seves dades. ACTIVO TI, S.L. deixar\u00e0 de tractar les dades, excepte per motius leg\u00edtims imperiosos, o per a l&#8217;exercici o la defensa de possibles reclamacions.<\/p>\n<p>En virtut de el dret a la portabilitat, els interessats tenen dret a obtenir les dades personals que els incumbeixen en un format estructurat d&#8217;\u00fas com\u00fa i lectura mec\u00e0nica i a transmetre&#8217;ls a un altre responsable.<\/p>\n<h4><strong>Com es poden exercir els drets?<\/strong><\/h4>\n<p>Mitjan\u00e7ant un escrit, adjuntant fotoc\u00f2pia del DNI o document identificatiu equivalent, dirigit a ACTIVO TI, S.L., Paseo de las Delicias, 30 Planta 2\u00ba 28045 Madrid<\/p>\n<h4><strong>Quines vies de reclamaci\u00f3 ha?<\/strong><\/h4>\n<p>Si considera que els seus drets no s&#8217;han at\u00e8s degudament, t\u00e9 dret a presentar una reclamaci\u00f3 davant l&#8217;Ag\u00e8ncia Espanyola de Protecci\u00f3 de Dades.<\/p>\n<h3><\/h3>\n<h3><\/h3>\n<h3><\/h3>\n<h3><\/h3>\n<h3><\/h3>\n<h3 id=\"informacion-proteccion-datos-trabajar-con-nosotros\">Informaci\u00f3 detallada sobre Protecci\u00f3 de Dades referent a el tractament de dades de persones que lliuren el seu CV per treballar amb nosaltres<\/h3>\n<p>&nbsp;<\/p>\n<h4><strong>Qui \u00e9s el responsable de l&#8217;tractament de les seves dades?<\/strong><\/h4>\n<p>Identitat: ACTIU TI, S.L. \u2013 CIF: B64638364<br \/>Dir. Postal: Paseo de las Delicias, 30 Planta 2\u00ba 28045 Madrid Tel\u00e8fon: 917 914 400 \/ 935 455 600<br \/>Correu electr\u00f2nic: <a class=\"external-link\" href=\"https:\/\/www.tecsens.com\/aviso-legal\/\" rel=\"nofollow\">info@tecsens.com<\/a><br \/>Delegat de protecci\u00f3 de dades: <a class=\"external-link\" href=\"https:\/\/www.tecsens.com\/aviso-legal\/\" rel=\"nofollow\">protecciondatos@tecsens.com<\/a><\/p>\n<h4><strong>Amb quina finalitat tractem les seves dades personals?<\/strong><\/h4>\n<p>En ACTIVO TI, S.L. tractem la informaci\u00f3 que ens faciliten els candidats per tal de mantenir-los informats de les diferents vacants a un lloc de treball que es produeixin en<\/p>\n<p>la nostra organitzaci\u00f3, aix\u00ed com per incloure&#8217;ls en processos de selecci\u00f3 duts a terme per cobrir aquestes vacants.<\/p>\n<h4><strong>Per quant de temps conservarem les seves dades?<\/strong><\/h4>\n<p>Les dades proporcionades es conservaran, com a m\u00e0xim, 2 anys.<\/p>\n<h4><strong>Quina \u00e9s la legitimaci\u00f3 per al tractament de les seves dades?<\/strong><\/h4>\n<p>La base legal per al tractament de les seves dades \u00e9s el consentiment de la persona interessada.<\/p>\n<h4><strong>A qu\u00e8 destinataris es comunicaran les seves dades?<\/strong><\/h4>\n<p>No es preveuen comunicacions de dades a tercers, excepte obligaci\u00f3 legal.<\/p>\n<h4><strong>Quins s\u00f3n els seus drets quan ens facilita les seves dades?<\/strong><\/h4>\n<p>Qualsevol persona t\u00e9 dret a obtenir confirmaci\u00f3 sobre si en ACTIVO TI, S.L. estem tractant dades personals que el concerneixen o no.<\/p>\n<p>Les persones interessades tenen dret a accedir a les seves dades personals, aix\u00ed com a sol\u00b7licitar la rectificaci\u00f3 de les dades inexactes o, si escau, sol\u00b7licitar la seva supressi\u00f3 quan, entre d&#8217;altres motius, les dades ja no siguin necessaris per als fins per als quals van ser recollits.<\/p>\n<p>En determinades circumst\u00e0ncies, els interessats podran sol\u00b7licitar la limitaci\u00f3 de l&#8217;tractament de les seves dades, en aquest cas \u00fanicament els conservarem per a l&#8217;exercici o la defensa de reclamacions.<\/p>\n<p>En determinades circumst\u00e0ncies i per motius relacionats amb la seva situaci\u00f3 particular, els interessats podran oposar-se a el tractament de les seves dades. ACTIVO TI, S.L. deixar\u00e0 de tractar les dades, excepte per motius leg\u00edtims imperiosos, o per a l&#8217;exercici o la defensa de possibles reclamacions.<\/p>\n<p>En virtut de el dret a la portabilitat, els interessats tenen dret a obtenir les dades personals que els incumbeixen en un format estructurat d&#8217;\u00fas com\u00fa i lectura mec\u00e0nica i a transmetre&#8217;ls a un altre responsable.<\/p>\n<h4><strong>Com es poden exercir els drets?<\/strong><\/h4>\n<p>Mitjan\u00e7ant un escrit, adjuntant fotoc\u00f2pia del DNI o document identificatiu equivalent, dirigit a ACTIVO TI, S.L., Paseo de las Delicias, 30 Planta 2\u00ba 28045 Madrid.<\/p>\n<h4><strong>Quines vies de reclamaci\u00f3 ha?<\/strong><\/h4>\n<p>Si considera que els seus drets no s&#8217;han at\u00e8s degudament, t\u00e9 dret a presentar una reclamaci\u00f3 davant l&#8217;Ag\u00e8ncia Espanyola de Protecci\u00f3 de Dades.<\/p>\n<p>[\/et_pb_text][\/et_pb_column][\/et_pb_row][\/et_pb_section]<\/p>\n","protected":false},"excerpt":{"rendered":"<p>Protecci\u00f3 de dades Delegat de protecci\u00f3 de dades de ACTIVO TI, S.L. Per exercir els drets d&#8217;acc\u00e9s, rectificaci\u00f3, supressi\u00f3, oposici\u00f3, portabilitat i limitaci\u00f3 de el tractament, i per a qualsevol q\u00fcesti\u00f3 relacionada amb el tractament que ACTIVO TI, S.L. fa de les dades, les persones interessades es poden posar en contacte amb el delegat de [&hellip;]<\/p>\n","protected":false},"author":2,"featured_media":0,"parent":0,"menu_order":133,"comment_status":"closed","ping_status":"closed","template":"","meta":{"_et_pb_use_builder":"on","_et_pb_old_content":"","_et_gb_content_width":"","footnotes":""},"class_list":["post-14879","page","type-page","status-publish","hentry"],"yoast_head":"<!-- This site is optimized with the Yoast SEO plugin v26.8 - https:\/\/yoast.com\/product\/yoast-seo-wordpress\/ -->\n<title>Protecci\u00f3 de dades - Tecsens<\/title>\n<meta name=\"description\" content=\"Protecci\u00f3 de dades - Empowering companies\" \/>\n<meta name=\"robots\" content=\"noindex, follow\" \/>\n<meta property=\"og:locale\" content=\"ca_ES\" \/>\n<meta property=\"og:type\" content=\"article\" \/>\n<meta property=\"og:title\" content=\"Protecci\u00f3 de dades - Tecsens\" \/>\n<meta property=\"og:description\" content=\"Protecci\u00f3 de dades - Empowering companies\" \/>\n<meta property=\"og:url\" content=\"https:\/\/www.tecsens.com\/ca\/proteccio-de-dades\/\" \/>\n<meta property=\"og:site_name\" content=\"Tecsens\" \/>\n<meta property=\"article:modified_time\" content=\"2026-02-11T14:34:41+00:00\" \/>\n<meta property=\"og:image\" content=\"https:\/\/www.tecsens.com\/wp-content\/uploads\/2025\/10\/logo_Tecsens_baseline_V_negativo.png\" \/>\n\t<meta property=\"og:image:width\" content=\"2560\" \/>\n\t<meta property=\"og:image:height\" content=\"1566\" \/>\n\t<meta property=\"og:image:type\" content=\"image\/png\" \/>\n<meta name=\"twitter:card\" content=\"summary_large_image\" \/>\n<meta name=\"twitter:label1\" content=\"Est. reading time\" \/>\n\t<meta name=\"twitter:data1\" content=\"7 minutes\" \/>\n<script type=\"application\/ld+json\" class=\"yoast-schema-graph\">{\"@context\":\"https:\/\/schema.org\",\"@graph\":[{\"@type\":[\"Article\",\"BlogPosting\"],\"@id\":\"https:\/\/www.tecsens.com\/ca\/proteccio-de-dades\/#article\",\"isPartOf\":{\"@id\":\"https:\/\/www.tecsens.com\/ca\/proteccio-de-dades\/\"},\"author\":{\"name\":\"Admin\",\"@id\":\"https:\/\/www.tecsens.com\/#\/schema\/person\/1f72960a60140421bab7c0c55b923859\"},\"headline\":\"Protecci\u00f3 de dades\",\"datePublished\":\"2020-07-01T08:57:19+00:00\",\"dateModified\":\"2026-02-11T14:34:41+00:00\",\"mainEntityOfPage\":{\"@id\":\"https:\/\/www.tecsens.com\/ca\/proteccio-de-dades\/\"},\"wordCount\":1307,\"publisher\":{\"@id\":\"https:\/\/www.tecsens.com\/#organization\"},\"inLanguage\":\"ca-ES\"},{\"@type\":\"WebPage\",\"@id\":\"https:\/\/www.tecsens.com\/ca\/proteccio-de-dades\/\",\"url\":\"https:\/\/www.tecsens.com\/ca\/proteccio-de-dades\/\",\"name\":\"Protecci\u00f3 de dades - Tecsens\",\"isPartOf\":{\"@id\":\"https:\/\/www.tecsens.com\/#website\"},\"datePublished\":\"2020-07-01T08:57:19+00:00\",\"dateModified\":\"2026-02-11T14:34:41+00:00\",\"description\":\"Protecci\u00f3 de dades - Empowering companies\",\"breadcrumb\":{\"@id\":\"https:\/\/www.tecsens.com\/ca\/proteccio-de-dades\/#breadcrumb\"},\"inLanguage\":\"ca-ES\",\"potentialAction\":[{\"@type\":\"ReadAction\",\"target\":[\"https:\/\/www.tecsens.com\/ca\/proteccio-de-dades\/\"]}]},{\"@type\":\"BreadcrumbList\",\"@id\":\"https:\/\/www.tecsens.com\/ca\/proteccio-de-dades\/#breadcrumb\",\"itemListElement\":[{\"@type\":\"ListItem\",\"position\":1,\"name\":\"Portada\",\"item\":\"https:\/\/www.tecsens.com\/ca\/\"},{\"@type\":\"ListItem\",\"position\":2,\"name\":\"Protecci\u00f3 de dades\"}]},{\"@type\":\"WebSite\",\"@id\":\"https:\/\/www.tecsens.com\/#website\",\"url\":\"https:\/\/www.tecsens.com\/\",\"name\":\"TECSENS - Empowering companies\",\"description\":\"Sense &amp; Technology\",\"publisher\":{\"@id\":\"https:\/\/www.tecsens.com\/#organization\"},\"potentialAction\":[{\"@type\":\"SearchAction\",\"target\":{\"@type\":\"EntryPoint\",\"urlTemplate\":\"https:\/\/www.tecsens.com\/?s={search_term_string}\"},\"query-input\":{\"@type\":\"PropertyValueSpecification\",\"valueRequired\":true,\"valueName\":\"search_term_string\"}}],\"inLanguage\":\"ca-ES\"},{\"@type\":\"Organization\",\"@id\":\"https:\/\/www.tecsens.com\/#organization\",\"name\":\"TECSENS\",\"url\":\"https:\/\/www.tecsens.com\/\",\"logo\":{\"@type\":\"ImageObject\",\"inLanguage\":\"ca-ES\",\"@id\":\"https:\/\/www.tecsens.com\/#\/schema\/logo\/image\/\",\"url\":\"https:\/\/www.tecsens.com\/wp-content\/uploads\/2017\/02\/logo@2x.png\",\"contentUrl\":\"https:\/\/www.tecsens.com\/wp-content\/uploads\/2017\/02\/logo@2x.png\",\"width\":411,\"height\":85,\"caption\":\"TECSENS\"},\"image\":{\"@id\":\"https:\/\/www.tecsens.com\/#\/schema\/logo\/image\/\"},\"sameAs\":[\"https:\/\/www.linkedin.com\/company\/tecsens\/\"]},{\"@type\":\"Person\",\"@id\":\"https:\/\/www.tecsens.com\/#\/schema\/person\/1f72960a60140421bab7c0c55b923859\",\"name\":\"Admin\",\"image\":{\"@type\":\"ImageObject\",\"inLanguage\":\"ca-ES\",\"@id\":\"https:\/\/www.tecsens.com\/#\/schema\/person\/image\/\",\"url\":\"https:\/\/secure.gravatar.com\/avatar\/cef66946068415daaf1178cd189f6c18?s=96&d=mm&r=g\",\"contentUrl\":\"https:\/\/secure.gravatar.com\/avatar\/cef66946068415daaf1178cd189f6c18?s=96&d=mm&r=g\",\"caption\":\"Admin\"}}]}<\/script>\n<!-- \/ Yoast SEO plugin. -->","yoast_head_json":{"title":"Protecci\u00f3 de dades - Tecsens","description":"Protecci\u00f3 de dades - Empowering companies","robots":{"index":"noindex","follow":"follow"},"og_locale":"ca_ES","og_type":"article","og_title":"Protecci\u00f3 de dades - Tecsens","og_description":"Protecci\u00f3 de dades - Empowering companies","og_url":"https:\/\/www.tecsens.com\/ca\/proteccio-de-dades\/","og_site_name":"Tecsens","article_modified_time":"2026-02-11T14:34:41+00:00","og_image":[{"width":2560,"height":1566,"url":"https:\/\/www.tecsens.com\/wp-content\/uploads\/2025\/10\/logo_Tecsens_baseline_V_negativo.png","type":"image\/png"}],"twitter_card":"summary_large_image","twitter_misc":{"Est. reading time":"7 minutes"},"schema":{"@context":"https:\/\/schema.org","@graph":[{"@type":["Article","BlogPosting"],"@id":"https:\/\/www.tecsens.com\/ca\/proteccio-de-dades\/#article","isPartOf":{"@id":"https:\/\/www.tecsens.com\/ca\/proteccio-de-dades\/"},"author":{"name":"Admin","@id":"https:\/\/www.tecsens.com\/#\/schema\/person\/1f72960a60140421bab7c0c55b923859"},"headline":"Protecci\u00f3 de dades","datePublished":"2020-07-01T08:57:19+00:00","dateModified":"2026-02-11T14:34:41+00:00","mainEntityOfPage":{"@id":"https:\/\/www.tecsens.com\/ca\/proteccio-de-dades\/"},"wordCount":1307,"publisher":{"@id":"https:\/\/www.tecsens.com\/#organization"},"inLanguage":"ca-ES"},{"@type":"WebPage","@id":"https:\/\/www.tecsens.com\/ca\/proteccio-de-dades\/","url":"https:\/\/www.tecsens.com\/ca\/proteccio-de-dades\/","name":"Protecci\u00f3 de dades - Tecsens","isPartOf":{"@id":"https:\/\/www.tecsens.com\/#website"},"datePublished":"2020-07-01T08:57:19+00:00","dateModified":"2026-02-11T14:34:41+00:00","description":"Protecci\u00f3 de dades - Empowering companies","breadcrumb":{"@id":"https:\/\/www.tecsens.com\/ca\/proteccio-de-dades\/#breadcrumb"},"inLanguage":"ca-ES","potentialAction":[{"@type":"ReadAction","target":["https:\/\/www.tecsens.com\/ca\/proteccio-de-dades\/"]}]},{"@type":"BreadcrumbList","@id":"https:\/\/www.tecsens.com\/ca\/proteccio-de-dades\/#breadcrumb","itemListElement":[{"@type":"ListItem","position":1,"name":"Portada","item":"https:\/\/www.tecsens.com\/ca\/"},{"@type":"ListItem","position":2,"name":"Protecci\u00f3 de dades"}]},{"@type":"WebSite","@id":"https:\/\/www.tecsens.com\/#website","url":"https:\/\/www.tecsens.com\/","name":"TECSENS - Empowering companies","description":"Sense &amp; Technology","publisher":{"@id":"https:\/\/www.tecsens.com\/#organization"},"potentialAction":[{"@type":"SearchAction","target":{"@type":"EntryPoint","urlTemplate":"https:\/\/www.tecsens.com\/?s={search_term_string}"},"query-input":{"@type":"PropertyValueSpecification","valueRequired":true,"valueName":"search_term_string"}}],"inLanguage":"ca-ES"},{"@type":"Organization","@id":"https:\/\/www.tecsens.com\/#organization","name":"TECSENS","url":"https:\/\/www.tecsens.com\/","logo":{"@type":"ImageObject","inLanguage":"ca-ES","@id":"https:\/\/www.tecsens.com\/#\/schema\/logo\/image\/","url":"https:\/\/www.tecsens.com\/wp-content\/uploads\/2017\/02\/logo@2x.png","contentUrl":"https:\/\/www.tecsens.com\/wp-content\/uploads\/2017\/02\/logo@2x.png","width":411,"height":85,"caption":"TECSENS"},"image":{"@id":"https:\/\/www.tecsens.com\/#\/schema\/logo\/image\/"},"sameAs":["https:\/\/www.linkedin.com\/company\/tecsens\/"]},{"@type":"Person","@id":"https:\/\/www.tecsens.com\/#\/schema\/person\/1f72960a60140421bab7c0c55b923859","name":"Admin","image":{"@type":"ImageObject","inLanguage":"ca-ES","@id":"https:\/\/www.tecsens.com\/#\/schema\/person\/image\/","url":"https:\/\/secure.gravatar.com\/avatar\/cef66946068415daaf1178cd189f6c18?s=96&d=mm&r=g","contentUrl":"https:\/\/secure.gravatar.com\/avatar\/cef66946068415daaf1178cd189f6c18?s=96&d=mm&r=g","caption":"Admin"}}]}},"_links":{"self":[{"href":"https:\/\/www.tecsens.com\/ca\/wp-json\/wp\/v2\/pages\/14879","targetHints":{"allow":["GET"]}}],"collection":[{"href":"https:\/\/www.tecsens.com\/ca\/wp-json\/wp\/v2\/pages"}],"about":[{"href":"https:\/\/www.tecsens.com\/ca\/wp-json\/wp\/v2\/types\/page"}],"author":[{"embeddable":true,"href":"https:\/\/www.tecsens.com\/ca\/wp-json\/wp\/v2\/users\/2"}],"replies":[{"embeddable":true,"href":"https:\/\/www.tecsens.com\/ca\/wp-json\/wp\/v2\/comments?post=14879"}],"version-history":[{"count":10,"href":"https:\/\/www.tecsens.com\/ca\/wp-json\/wp\/v2\/pages\/14879\/revisions"}],"predecessor-version":[{"id":52779,"href":"https:\/\/www.tecsens.com\/ca\/wp-json\/wp\/v2\/pages\/14879\/revisions\/52779"}],"wp:attachment":[{"href":"https:\/\/www.tecsens.com\/ca\/wp-json\/wp\/v2\/media?parent=14879"}],"curies":[{"name":"wp","href":"https:\/\/api.w.org\/{rel}","templated":true}]}}